{"id":77,"date":"2016-06-02T10:23:25","date_gmt":"2016-06-02T10:23:25","guid":{"rendered":"http:\/\/bsv-rees-feldmark.de\/?page_id=77"},"modified":"2025-02-20T16:12:59","modified_gmt":"2025-02-20T15:12:59","slug":"anmeldung","status":"publish","type":"page","link":"https:\/\/bsv-rees-feldmark.de\/?page_id=77","title":{"rendered":"Downloads"},"content":{"rendered":"<p><span style=\"font-family: arial, helvetica, sans-serif;\"><strong><u>Anmeldeformular\/Einwilligungserkl\u00e4rung\/Informationspflichten<\/u><\/strong><\/span><\/p>\n<ul>\n<li><span style=\"font-family: arial, helvetica, sans-serif;\"><a href=\"https:\/\/bsv-rees-feldmark.de\/wp-content\/uploads\/2019\/05\/BSV_Anmeldeformular-2019.pdf\" target=\"_blank\" rel=\"noopener noreferrer\">Anmeldeformular f\u00fcr den B\u00fcrgersch\u00fctzenverein Rees-Feldmark, Groin und Bergswick e. V.<\/a><\/span><\/li>\n<li><span style=\"font-family: arial, helvetica, sans-serif;\"><a href=\"https:\/\/bsv-rees-feldmark.de\/wp-content\/uploads\/2019\/05\/Einwilligungserkl\u00e4rung-zur-Verwendung-personenbezogener-Daten_BSV-Original-2019.pdf\" target=\"_blank\" rel=\"noopener noreferrer\">Einwilligungserkl\u00e4rung zur Verwendung personenbezogener Daten im Rahmen der Mitgliedschaft<\/a><\/span><\/li>\n<li><span style=\"font-family: arial, helvetica, sans-serif;\"><a href=\"https:\/\/bsv-rees-feldmark.de\/wp-content\/uploads\/2019\/05\/Informationspflichten-BSV_2019-Art_13_14_DSGVO.pdf\" target=\"_blank\" rel=\"noopener noreferrer\">Informationspflichten nach Artikel 13 und 14 DSGVO<\/a><\/span><\/li>\n<\/ul>\n<p><span style=\"font-family: arial, helvetica, sans-serif;\"><strong><u>Statuten<\/u><\/strong><\/span><\/p>\n<ul>\n<li><span style=\"font-family: arial, helvetica, sans-serif;\"><a href=\"https:\/\/bsv-rees-feldmark.de\/wp-content\/uploads\/2021\/08\/BSV_Satzung_2019-08-30_FINAL.pdf\" target=\"_blank\" rel=\"noopener noreferrer\">Satzung<\/a><\/span><\/li>\n<li><span style=\"font-family: arial, helvetica, sans-serif;\"><a href=\"https:\/\/bsv-rees-feldmark.de\/wp-content\/uploads\/2018\/09\/BSV-Bedingungen_Preis_und-K\u00f6nigsschiessen-Stand-31.08.2018.pdf\" target=\"_blank\" rel=\"noopener noreferrer\">Bestimmungen f\u00fcr das Preis- und K\u00f6nigsschie\u00dfen<\/a><\/span><\/li>\n<li><span style=\"font-family: arial, helvetica, sans-serif;\"><a href=\"https:\/\/bsv-rees-feldmark.de\/wp-content\/uploads\/2016\/06\/Beitragsordnung.pdf\" target=\"_blank\" rel=\"noopener noreferrer\">Beitragsordnung<\/a><\/span><\/li>\n<li><a href=\"https:\/\/bsv-rees-feldmark.de\/wp-content\/uploads\/2016\/06\/Schie\u00dfbedingungen-f\u00fcr-das-Serienschie\u00dfen.pdf\" target=\"_blank\" rel=\"noopener noreferrer\"><span style=\"font-family: arial, helvetica, sans-serif;\">Schie\u00dfbestimmungen f\u00fcr das Serienschie\u00dfen<\/span><\/a><\/li>\n<\/ul>\n\n\n<p><\/p>\n","protected":false},"excerpt":{"rendered":"<p>Anmeldeformular\/Einwilligungserkl\u00e4rung\/Informationspflichten Anmeldeformular f\u00fcr den B\u00fcrgersch\u00fctzenverein Rees-Feldmark, Groin und Bergswick e. V. Einwilligungserkl\u00e4rung zur Verwendung personenbezogener Daten im Rahmen der Mitgliedschaft Informationspflichten nach Artikel 13 und 14 DSGVO Statuten Satzung Bestimmungen f\u00fcr das Preis- und K\u00f6nigsschie\u00dfen Beitragsordnung Schie\u00dfbestimmungen f\u00fcr das Serienschie\u00dfen<\/p>\n","protected":false},"author":1,"featured_media":0,"parent":75,"menu_order":2,"comment_status":"closed","ping_status":"closed","template":"","meta":{"footnotes":"","_links_to":"","_links_to_target":""},"class_list":["post-77","page","type-page","status-publish","hentry"],"_links":{"self":[{"href":"https:\/\/bsv-rees-feldmark.de\/index.php?rest_route=\/wp\/v2\/pages\/77","targetHints":{"allow":["GET"]}}],"collection":[{"href":"https:\/\/bsv-rees-feldmark.de\/index.php?rest_route=\/wp\/v2\/pages"}],"about":[{"href":"https:\/\/bsv-rees-feldmark.de\/index.php?rest_route=\/wp\/v2\/types\/page"}],"author":[{"embeddable":true,"href":"https:\/\/bsv-rees-feldmark.de\/index.php?rest_route=\/wp\/v2\/users\/1"}],"replies":[{"embeddable":true,"href":"https:\/\/bsv-rees-feldmark.de\/index.php?rest_route=%2Fwp%2Fv2%2Fcomments&post=77"}],"version-history":[{"count":24,"href":"https:\/\/bsv-rees-feldmark.de\/index.php?rest_route=\/wp\/v2\/pages\/77\/revisions"}],"predecessor-version":[{"id":2696,"href":"https:\/\/bsv-rees-feldmark.de\/index.php?rest_route=\/wp\/v2\/pages\/77\/revisions\/2696"}],"up":[{"embeddable":true,"href":"https:\/\/bsv-rees-feldmark.de\/index.php?rest_route=\/wp\/v2\/pages\/75"}],"wp:attachment":[{"href":"https:\/\/bsv-rees-feldmark.de\/index.php?rest_route=%2Fwp%2Fv2%2Fmedia&parent=77"}],"curies":[{"name":"wp","href":"https:\/\/api.w.org\/{rel}","templated":true}]}}