{"id":73,"date":"2016-06-02T11:22:57","date_gmt":"2016-06-02T10:22:57","guid":{"rendered":"http:\/\/bsv-rees-feldmark.de\/?page_id=73"},"modified":"2022-05-05T20:36:20","modified_gmt":"2022-05-05T19:36:20","slug":"uniformboerse","status":"publish","type":"page","link":"https:\/\/bsv-rees-feldmark.de\/?page_id=73","title":{"rendered":"Uniformb\u00f6rse"},"content":{"rendered":"<p><span style=\"font-family: arial, helvetica, sans-serif\">Seit ein paar Jahren gibt es in unserem Verein die sogenannte &#8222;Sch\u00fctzenuniformb\u00f6rse&#8220; bei unserem Sch\u00fctzenbruder Johannes Arentz, Gr\u00fcner Weg 2a, 46459 Rees.<\/span><\/p>\n<p><span style=\"font-family: arial, helvetica, sans-serif\">Hier kann man Jacken, H\u00fcte, Koppel usw. gebraucht kaufen. Wer aber auch eine Jacke, Hut oder Koppel abzugeben hat, der kann diese nat\u00fcrlich bei Johannes Arentz mit seinem Wunschpreis abgeben.<\/span><\/p>\n","protected":false},"excerpt":{"rendered":"<p>Seit ein paar Jahren gibt es in unserem Verein die sogenannte &#8222;Sch\u00fctzenuniformb\u00f6rse&#8220; bei unserem Sch\u00fctzenbruder Johannes Arentz, Gr\u00fcner Weg 2a, 46459 Rees. Hier kann man Jacken, H\u00fcte, Koppel usw. gebraucht kaufen. Wer aber auch eine Jacke, Hut oder Koppel abzugeben<\/p>\n","protected":false},"author":1,"featured_media":0,"parent":0,"menu_order":8,"comment_status":"closed","ping_status":"closed","template":"","meta":{"footnotes":"","_links_to":"","_links_to_target":""},"class_list":["post-73","page","type-page","status-publish","hentry"],"_links":{"self":[{"href":"https:\/\/bsv-rees-feldmark.de\/index.php?rest_route=\/wp\/v2\/pages\/73","targetHints":{"allow":["GET"]}}],"collection":[{"href":"https:\/\/bsv-rees-feldmark.de\/index.php?rest_route=\/wp\/v2\/pages"}],"about":[{"href":"https:\/\/bsv-rees-feldmark.de\/index.php?rest_route=\/wp\/v2\/types\/page"}],"author":[{"embeddable":true,"href":"https:\/\/bsv-rees-feldmark.de\/index.php?rest_route=\/wp\/v2\/users\/1"}],"replies":[{"embeddable":true,"href":"https:\/\/bsv-rees-feldmark.de\/index.php?rest_route=%2Fwp%2Fv2%2Fcomments&post=73"}],"version-history":[{"count":6,"href":"https:\/\/bsv-rees-feldmark.de\/index.php?rest_route=\/wp\/v2\/pages\/73\/revisions"}],"predecessor-version":[{"id":2433,"href":"https:\/\/bsv-rees-feldmark.de\/index.php?rest_route=\/wp\/v2\/pages\/73\/revisions\/2433"}],"wp:attachment":[{"href":"https:\/\/bsv-rees-feldmark.de\/index.php?rest_route=%2Fwp%2Fv2%2Fmedia&parent=73"}],"curies":[{"name":"wp","href":"https:\/\/api.w.org\/{rel}","templated":true}]}}