{"id":71,"date":"2016-06-02T10:22:44","date_gmt":"2016-06-02T10:22:44","guid":{"rendered":"http:\/\/bsv-rees-feldmark.de\/?page_id=71"},"modified":"2025-11-02T10:38:46","modified_gmt":"2025-11-02T09:38:46","slug":"schiessstandtrainingszeiten","status":"publish","type":"page","link":"https:\/\/bsv-rees-feldmark.de\/?page_id=71","title":{"rendered":"Schie\u00dfstand\/Trainingszeiten"},"content":{"rendered":"<p><span style=\"font-family: arial, helvetica, sans-serif;\">Feldmarker Schie\u00dfstand im Sch\u00fctzenhaus Rees, Groiner Kirchweg 62 in 46459 Rees<\/span><\/p>\n<div id='gallery-1' class='gallery galleryid-71 gallery-columns-3 gallery-size-medium'><figure class='gallery-item'>\n\t\t\t<div class='gallery-icon landscape'>\n\t\t\t\t<a href='https:\/\/bsv-rees-feldmark.de\/?attachment_id=2709'><img loading=\"lazy\" decoding=\"async\" width=\"300\" height=\"225\" src=\"https:\/\/bsv-rees-feldmark.de\/wp-content\/uploads\/2025\/03\/IMG_5436-300x225.jpg\" class=\"attachment-medium size-medium\" alt=\"\" srcset=\"https:\/\/bsv-rees-feldmark.de\/wp-content\/uploads\/2025\/03\/IMG_5436-300x225.jpg 300w, https:\/\/bsv-rees-feldmark.de\/wp-content\/uploads\/2025\/03\/IMG_5436-1024x768.jpg 1024w, https:\/\/bsv-rees-feldmark.de\/wp-content\/uploads\/2025\/03\/IMG_5436-768x576.jpg 768w, https:\/\/bsv-rees-feldmark.de\/wp-content\/uploads\/2025\/03\/IMG_5436-1536x1152.jpg 1536w, https:\/\/bsv-rees-feldmark.de\/wp-content\/uploads\/2025\/03\/IMG_5436-2048x1536.jpg 2048w\" sizes=\"auto, (max-width: 300px) 100vw, 300px\" \/><\/a>\n\t\t\t<\/div><\/figure><figure class='gallery-item'>\n\t\t\t<div class='gallery-icon landscape'>\n\t\t\t\t<a href='https:\/\/bsv-rees-feldmark.de\/?attachment_id=2710'><img loading=\"lazy\" decoding=\"async\" width=\"300\" height=\"225\" src=\"https:\/\/bsv-rees-feldmark.de\/wp-content\/uploads\/2025\/03\/IMG_5437-300x225.jpg\" class=\"attachment-medium size-medium\" alt=\"\" srcset=\"https:\/\/bsv-rees-feldmark.de\/wp-content\/uploads\/2025\/03\/IMG_5437-300x225.jpg 300w, https:\/\/bsv-rees-feldmark.de\/wp-content\/uploads\/2025\/03\/IMG_5437-1024x768.jpg 1024w, https:\/\/bsv-rees-feldmark.de\/wp-content\/uploads\/2025\/03\/IMG_5437-768x576.jpg 768w, https:\/\/bsv-rees-feldmark.de\/wp-content\/uploads\/2025\/03\/IMG_5437-1536x1152.jpg 1536w, https:\/\/bsv-rees-feldmark.de\/wp-content\/uploads\/2025\/03\/IMG_5437-2048x1536.jpg 2048w\" sizes=\"auto, (max-width: 300px) 100vw, 300px\" \/><\/a>\n\t\t\t<\/div><\/figure><figure class='gallery-item'>\n\t\t\t<div class='gallery-icon landscape'>\n\t\t\t\t<a href='https:\/\/bsv-rees-feldmark.de\/?attachment_id=2714'><img loading=\"lazy\" decoding=\"async\" width=\"300\" height=\"225\" src=\"https:\/\/bsv-rees-feldmark.de\/wp-content\/uploads\/2025\/03\/IMG_5444-300x225.jpg\" class=\"attachment-medium size-medium\" alt=\"\" srcset=\"https:\/\/bsv-rees-feldmark.de\/wp-content\/uploads\/2025\/03\/IMG_5444-300x225.jpg 300w, https:\/\/bsv-rees-feldmark.de\/wp-content\/uploads\/2025\/03\/IMG_5444-1024x768.jpg 1024w, https:\/\/bsv-rees-feldmark.de\/wp-content\/uploads\/2025\/03\/IMG_5444-768x576.jpg 768w, https:\/\/bsv-rees-feldmark.de\/wp-content\/uploads\/2025\/03\/IMG_5444-1536x1152.jpg 1536w, https:\/\/bsv-rees-feldmark.de\/wp-content\/uploads\/2025\/03\/IMG_5444-2048x1536.jpg 2048w\" sizes=\"auto, (max-width: 300px) 100vw, 300px\" \/><\/a>\n\t\t\t<\/div><\/figure><figure class='gallery-item'>\n\t\t\t<div class='gallery-icon landscape'>\n\t\t\t\t<a href='https:\/\/bsv-rees-feldmark.de\/?attachment_id=2713'><img loading=\"lazy\" decoding=\"async\" width=\"300\" height=\"225\" src=\"https:\/\/bsv-rees-feldmark.de\/wp-content\/uploads\/2025\/03\/IMG_5443-300x225.jpg\" class=\"attachment-medium size-medium\" alt=\"\" srcset=\"https:\/\/bsv-rees-feldmark.de\/wp-content\/uploads\/2025\/03\/IMG_5443-300x225.jpg 300w, https:\/\/bsv-rees-feldmark.de\/wp-content\/uploads\/2025\/03\/IMG_5443-1024x768.jpg 1024w, https:\/\/bsv-rees-feldmark.de\/wp-content\/uploads\/2025\/03\/IMG_5443-768x576.jpg 768w, https:\/\/bsv-rees-feldmark.de\/wp-content\/uploads\/2025\/03\/IMG_5443-1536x1152.jpg 1536w, https:\/\/bsv-rees-feldmark.de\/wp-content\/uploads\/2025\/03\/IMG_5443-2048x1536.jpg 2048w\" sizes=\"auto, (max-width: 300px) 100vw, 300px\" \/><\/a>\n\t\t\t<\/div><\/figure><figure class='gallery-item'>\n\t\t\t<div class='gallery-icon landscape'>\n\t\t\t\t<a href='https:\/\/bsv-rees-feldmark.de\/?attachment_id=2711'><img loading=\"lazy\" decoding=\"async\" width=\"300\" height=\"225\" src=\"https:\/\/bsv-rees-feldmark.de\/wp-content\/uploads\/2025\/03\/IMG_5438-300x225.jpg\" class=\"attachment-medium size-medium\" alt=\"\" srcset=\"https:\/\/bsv-rees-feldmark.de\/wp-content\/uploads\/2025\/03\/IMG_5438-300x225.jpg 300w, https:\/\/bsv-rees-feldmark.de\/wp-content\/uploads\/2025\/03\/IMG_5438-1024x768.jpg 1024w, https:\/\/bsv-rees-feldmark.de\/wp-content\/uploads\/2025\/03\/IMG_5438-768x576.jpg 768w, https:\/\/bsv-rees-feldmark.de\/wp-content\/uploads\/2025\/03\/IMG_5438-1536x1152.jpg 1536w, https:\/\/bsv-rees-feldmark.de\/wp-content\/uploads\/2025\/03\/IMG_5438-2048x1536.jpg 2048w\" sizes=\"auto, (max-width: 300px) 100vw, 300px\" \/><\/a>\n\t\t\t<\/div><\/figure><figure class='gallery-item'>\n\t\t\t<div class='gallery-icon landscape'>\n\t\t\t\t<a href='https:\/\/bsv-rees-feldmark.de\/?attachment_id=2712'><img loading=\"lazy\" decoding=\"async\" width=\"300\" height=\"225\" src=\"https:\/\/bsv-rees-feldmark.de\/wp-content\/uploads\/2025\/03\/IMG_5441-300x225.jpg\" class=\"attachment-medium size-medium\" alt=\"\" srcset=\"https:\/\/bsv-rees-feldmark.de\/wp-content\/uploads\/2025\/03\/IMG_5441-300x225.jpg 300w, https:\/\/bsv-rees-feldmark.de\/wp-content\/uploads\/2025\/03\/IMG_5441-1024x768.jpg 1024w, https:\/\/bsv-rees-feldmark.de\/wp-content\/uploads\/2025\/03\/IMG_5441-768x576.jpg 768w, https:\/\/bsv-rees-feldmark.de\/wp-content\/uploads\/2025\/03\/IMG_5441-1536x1152.jpg 1536w, https:\/\/bsv-rees-feldmark.de\/wp-content\/uploads\/2025\/03\/IMG_5441-2048x1536.jpg 2048w\" sizes=\"auto, (max-width: 300px) 100vw, 300px\" \/><\/a>\n\t\t\t<\/div><\/figure>\n\t\t<\/div>\n\n<p><span style=\"font-family: arial, helvetica, sans-serif;\">Kleinkaliber &#8211; Schie\u00dfstand Dornick<\/span><\/p>\n<ul>\n<li><span style=\"font-family: arial, helvetica, sans-serif;\">jeden 1. Montag im Monat ab 18:30 Uhr<\/span><\/li>\n<\/ul>\n<p><span style=\"font-family: arial, helvetica, sans-serif;\">Luftgewehr &#8211; Schie\u00dfstand Sch\u00fctzenhaus Rees<\/span><\/p>\n<ul>\n<li><span style=\"font-family: arial, helvetica, sans-serif;\">dienstags &#8211; Sch\u00fcler (10-12 J.), Jugend (12-18 J.), Sch\u00fctzenklasse (18-45 J.) und offene Klasse 18-21 Uhr<\/span><\/li>\n<li><span style=\"font-family: arial, helvetica, sans-serif;\">donnerstags &#8211; Seniorenklasse (ab 60 J.) und Pistolentraining (altersunabh\u00e4ngig) 18-21 Uhr<\/span><\/li>\n<\/ul>\n<p><span style=\"font-family: arial, helvetica, sans-serif;\">Hier geht es zu der Homepage vom Sch\u00fctzenhaus:<\/span><\/p>\n<p><a href=\"http:\/\/www.schuetzenhaus-rees.de\" target=\"_blank\" rel=\"noopener\"><strong>http:\/\/www.schuetzenhaus-rees.de<\/strong><\/a><\/p>\n\n\n<p><\/p>\n","protected":false},"excerpt":{"rendered":"<p>Feldmarker Schie\u00dfstand im Sch\u00fctzenhaus Rees, Groiner Kirchweg 62 in 46459 Rees Kleinkaliber &#8211; Schie\u00dfstand Dornick jeden 1. Montag im Monat ab 18:30 Uhr Luftgewehr &#8211; Schie\u00dfstand Sch\u00fctzenhaus Rees dienstags &#8211; Sch\u00fcler (10-12 J.), Jugend (12-18 J.), Sch\u00fctzenklasse (18-45 J.) und<\/p>\n","protected":false},"author":1,"featured_media":0,"parent":61,"menu_order":5,"comment_status":"closed","ping_status":"closed","template":"","meta":{"footnotes":"","_links_to":"","_links_to_target":""},"class_list":["post-71","page","type-page","status-publish","hentry"],"_links":{"self":[{"href":"https:\/\/bsv-rees-feldmark.de\/index.php?rest_route=\/wp\/v2\/pages\/71","targetHints":{"allow":["GET"]}}],"collection":[{"href":"https:\/\/bsv-rees-feldmark.de\/index.php?rest_route=\/wp\/v2\/pages"}],"about":[{"href":"https:\/\/bsv-rees-feldmark.de\/index.php?rest_route=\/wp\/v2\/types\/page"}],"author":[{"embeddable":true,"href":"https:\/\/bsv-rees-feldmark.de\/index.php?rest_route=\/wp\/v2\/users\/1"}],"replies":[{"embeddable":true,"href":"https:\/\/bsv-rees-feldmark.de\/index.php?rest_route=%2Fwp%2Fv2%2Fcomments&post=71"}],"version-history":[{"count":13,"href":"https:\/\/bsv-rees-feldmark.de\/index.php?rest_route=\/wp\/v2\/pages\/71\/revisions"}],"predecessor-version":[{"id":3022,"href":"https:\/\/bsv-rees-feldmark.de\/index.php?rest_route=\/wp\/v2\/pages\/71\/revisions\/3022"}],"up":[{"embeddable":true,"href":"https:\/\/bsv-rees-feldmark.de\/index.php?rest_route=\/wp\/v2\/pages\/61"}],"wp:attachment":[{"href":"https:\/\/bsv-rees-feldmark.de\/index.php?rest_route=%2Fwp%2Fv2%2Fmedia&parent=71"}],"curies":[{"name":"wp","href":"https:\/\/api.w.org\/{rel}","templated":true}]}}