{"id":67,"date":"2016-06-02T10:22:07","date_gmt":"2016-06-02T10:22:07","guid":{"rendered":"http:\/\/bsv-rees-feldmark.de\/?page_id=67"},"modified":"2025-09-22T18:20:20","modified_gmt":"2025-09-22T17:20:20","slug":"schueler-lasergewehr","status":"publish","type":"page","link":"https:\/\/bsv-rees-feldmark.de\/?page_id=67","title":{"rendered":"Sch\u00fcler (Lasergewehr)"},"content":{"rendered":"<div class=\"text_exposed_show\">\n<p><span style=\"font-family: arial, helvetica, sans-serif;\">Seit unserem Umzug in das Sch\u00fctzenhaus Rees, haben wir eine hochmoderne elektronische Auswerteanlage von DISAG im Einsatz. Wir verf\u00fcgen \u00fcber 6 elektronische Schie\u00dfst\u00e4nde. Ebenfalls besitzen wir eine moderne Lasergewehranlage, die auch von DISAG stammt. Somit ist es m\u00f6glich, station\u00e4r im Sch\u00fctzenhaus mit dem Lasergewehr zu schie\u00dfen, als auch mobil auf Stadt-\/Gewerbefesten. <br \/><br \/>Es wird bei uns im Sch\u00fctzenhaus aber nicht nur geschossen, sondern auch das ein oder andere Gesellschaftsspiel, eine Runde Kicker in gem\u00fctlicher Runde gespielt, viel gelacht und so weiter&#8230;<\/span><\/p>\n<p><span style=\"font-family: arial, helvetica, sans-serif;\">Wer also mal Lust hat mit einem modernen Lasergewehr zu schie\u00dfen und zwischen 10 und 12 Jahren alt ist, der darf uns gerne Dienstags von 18:00 Uhr &#8211; 20:00 Uhr im Sch\u00fctzenhaus Rees, Groiner Kirchweg 62 in 46459 Rees, besuchen. Jeder ist bei uns Willkommen !<\/span><\/p>\n<\/div>\n\n\n<p><\/p>\n","protected":false},"excerpt":{"rendered":"<p>Seit unserem Umzug in das Sch\u00fctzenhaus Rees, haben wir eine hochmoderne elektronische Auswerteanlage von DISAG im Einsatz. Wir verf\u00fcgen \u00fcber 6 elektronische Schie\u00dfst\u00e4nde. Ebenfalls besitzen wir eine moderne Lasergewehranlage, die auch von DISAG stammt. Somit ist es m\u00f6glich, station\u00e4r im<\/p>\n","protected":false},"author":1,"featured_media":0,"parent":61,"menu_order":3,"comment_status":"closed","ping_status":"closed","template":"","meta":{"footnotes":"","_links_to":"","_links_to_target":""},"class_list":["post-67","page","type-page","status-publish","hentry"],"_links":{"self":[{"href":"https:\/\/bsv-rees-feldmark.de\/index.php?rest_route=\/wp\/v2\/pages\/67","targetHints":{"allow":["GET"]}}],"collection":[{"href":"https:\/\/bsv-rees-feldmark.de\/index.php?rest_route=\/wp\/v2\/pages"}],"about":[{"href":"https:\/\/bsv-rees-feldmark.de\/index.php?rest_route=\/wp\/v2\/types\/page"}],"author":[{"embeddable":true,"href":"https:\/\/bsv-rees-feldmark.de\/index.php?rest_route=\/wp\/v2\/users\/1"}],"replies":[{"embeddable":true,"href":"https:\/\/bsv-rees-feldmark.de\/index.php?rest_route=%2Fwp%2Fv2%2Fcomments&post=67"}],"version-history":[{"count":8,"href":"https:\/\/bsv-rees-feldmark.de\/index.php?rest_route=\/wp\/v2\/pages\/67\/revisions"}],"predecessor-version":[{"id":2884,"href":"https:\/\/bsv-rees-feldmark.de\/index.php?rest_route=\/wp\/v2\/pages\/67\/revisions\/2884"}],"up":[{"embeddable":true,"href":"https:\/\/bsv-rees-feldmark.de\/index.php?rest_route=\/wp\/v2\/pages\/61"}],"wp:attachment":[{"href":"https:\/\/bsv-rees-feldmark.de\/index.php?rest_route=%2Fwp%2Fv2%2Fmedia&parent=67"}],"curies":[{"name":"wp","href":"https:\/\/api.w.org\/{rel}","templated":true}]}}