{"id":59,"date":"2016-06-02T10:21:06","date_gmt":"2016-06-02T10:21:06","guid":{"rendered":"http:\/\/bsv-rees-feldmark.de\/?page_id=59"},"modified":"2022-04-20T18:40:59","modified_gmt":"2022-04-20T17:40:59","slug":"sponsorentafel","status":"publish","type":"page","link":"https:\/\/bsv-rees-feldmark.de\/?page_id=59","title":{"rendered":"Sponsoren"},"content":{"rendered":"<p style=\"text-align: center;\">Der B\u00fcrgersch\u00fctzenverein Rees-Feldmark, Groin und Bergswick e. V. bedankt sich bei folgenden Sponsoren f\u00fcr die gute und vertrauensvolle Zusammenarbeit.<\/p>\n<div id='gallery-1' class='gallery galleryid-59 gallery-columns-4 gallery-size-full'><figure class='gallery-item'>\n\t\t\t<div class='gallery-icon landscape'>\n\t\t\t\t<a href='http:\/\/www.dervolksbanker.de'><img loading=\"lazy\" decoding=\"async\" width=\"500\" height=\"128\" src=\"https:\/\/bsv-rees-feldmark.de\/wp-content\/uploads\/2019\/01\/Logo_Volksbank-Emmerich-Rees.jpg.png\" class=\"attachment-full size-full\" alt=\"\" srcset=\"https:\/\/bsv-rees-feldmark.de\/wp-content\/uploads\/2019\/01\/Logo_Volksbank-Emmerich-Rees.jpg.png 500w, https:\/\/bsv-rees-feldmark.de\/wp-content\/uploads\/2019\/01\/Logo_Volksbank-Emmerich-Rees.jpg-300x77.png 300w\" sizes=\"auto, (max-width: 500px) 100vw, 500px\" \/><\/a>\n\t\t\t<\/div><\/figure><figure class='gallery-item'>\n\t\t\t<div class='gallery-icon landscape'>\n\t\t\t\t<a href='http:\/\/www.sparkasse-rhein-maas.de'><img loading=\"lazy\" decoding=\"async\" width=\"500\" height=\"181\" src=\"https:\/\/bsv-rees-feldmark.de\/wp-content\/uploads\/2019\/01\/Logo_Sparkasse-Rhein-Maas.png\" class=\"attachment-full size-full\" alt=\"\" srcset=\"https:\/\/bsv-rees-feldmark.de\/wp-content\/uploads\/2019\/01\/Logo_Sparkasse-Rhein-Maas.png 500w, https:\/\/bsv-rees-feldmark.de\/wp-content\/uploads\/2019\/01\/Logo_Sparkasse-Rhein-Maas-300x109.png 300w\" sizes=\"auto, (max-width: 500px) 100vw, 500px\" \/><\/a>\n\t\t\t<\/div><\/figure><figure class='gallery-item'>\n\t\t\t<div class='gallery-icon landscape'>\n\t\t\t\t<a href='https:\/\/bsv-rees-feldmark.de\/?attachment_id=2407'><img loading=\"lazy\" decoding=\"async\" width=\"842\" height=\"445\" src=\"https:\/\/bsv-rees-feldmark.de\/wp-content\/uploads\/2018\/09\/Header_Salon.jpg\" class=\"attachment-full size-full\" alt=\"Melanies Kopfarbeit\" srcset=\"https:\/\/bsv-rees-feldmark.de\/wp-content\/uploads\/2018\/09\/Header_Salon.jpg 842w, https:\/\/bsv-rees-feldmark.de\/wp-content\/uploads\/2018\/09\/Header_Salon-300x159.jpg 300w, https:\/\/bsv-rees-feldmark.de\/wp-content\/uploads\/2018\/09\/Header_Salon-768x406.jpg 768w, https:\/\/bsv-rees-feldmark.de\/wp-content\/uploads\/2018\/09\/Header_Salon-390x205.jpg 390w\" sizes=\"auto, (max-width: 842px) 100vw, 842px\" \/><\/a>\n\t\t\t<\/div><\/figure><figure class='gallery-item'>\n\t\t\t<div class='gallery-icon landscape'>\n\t\t\t\t<a href='https:\/\/bsv-rees-feldmark.de\/?attachment_id=2406'><img loading=\"lazy\" decoding=\"async\" width=\"1822\" height=\"1822\" src=\"https:\/\/bsv-rees-feldmark.de\/wp-content\/uploads\/2018\/09\/Stadtwerke_Rees_neues_Logo.png\" class=\"attachment-full size-full\" alt=\"\" srcset=\"https:\/\/bsv-rees-feldmark.de\/wp-content\/uploads\/2018\/09\/Stadtwerke_Rees_neues_Logo.png 1822w, https:\/\/bsv-rees-feldmark.de\/wp-content\/uploads\/2018\/09\/Stadtwerke_Rees_neues_Logo-300x300.png 300w, https:\/\/bsv-rees-feldmark.de\/wp-content\/uploads\/2018\/09\/Stadtwerke_Rees_neues_Logo-1024x1024.png 1024w, https:\/\/bsv-rees-feldmark.de\/wp-content\/uploads\/2018\/09\/Stadtwerke_Rees_neues_Logo-150x150.png 150w, https:\/\/bsv-rees-feldmark.de\/wp-content\/uploads\/2018\/09\/Stadtwerke_Rees_neues_Logo-768x768.png 768w, https:\/\/bsv-rees-feldmark.de\/wp-content\/uploads\/2018\/09\/Stadtwerke_Rees_neues_Logo-1536x1536.png 1536w\" sizes=\"auto, (max-width: 1822px) 100vw, 1822px\" \/><\/a>\n\t\t\t<\/div><\/figure><figure class='gallery-item'>\n\t\t\t<div class='gallery-icon landscape'>\n\t\t\t\t<a href='https:\/\/www.matthias-maas.de'><img loading=\"lazy\" decoding=\"async\" width=\"500\" height=\"178\" src=\"https:\/\/bsv-rees-feldmark.de\/wp-content\/uploads\/2019\/01\/Logo_Matthias-Maas.jpg\" class=\"attachment-full size-full\" alt=\"\" srcset=\"https:\/\/bsv-rees-feldmark.de\/wp-content\/uploads\/2019\/01\/Logo_Matthias-Maas.jpg 500w, https:\/\/bsv-rees-feldmark.de\/wp-content\/uploads\/2019\/01\/Logo_Matthias-Maas-300x107.jpg 300w\" sizes=\"auto, (max-width: 500px) 100vw, 500px\" \/><\/a>\n\t\t\t<\/div><\/figure><figure class='gallery-item'>\n\t\t\t<div class='gallery-icon landscape'>\n\t\t\t\t<a href='https:\/\/www.holemans.de'><img loading=\"lazy\" decoding=\"async\" width=\"500\" height=\"160\" src=\"https:\/\/bsv-rees-feldmark.de\/wp-content\/uploads\/2019\/01\/Logo_Holemans-Niederrhein.jpg\" class=\"attachment-full size-full\" alt=\"\" srcset=\"https:\/\/bsv-rees-feldmark.de\/wp-content\/uploads\/2019\/01\/Logo_Holemans-Niederrhein.jpg 500w, https:\/\/bsv-rees-feldmark.de\/wp-content\/uploads\/2019\/01\/Logo_Holemans-Niederrhein-300x96.jpg 300w\" sizes=\"auto, (max-width: 500px) 100vw, 500px\" \/><\/a>\n\t\t\t<\/div><\/figure><figure class='gallery-item'>\n\t\t\t<div class='gallery-icon landscape'>\n\t\t\t\t<a href='https:\/\/bsv-rees-feldmark.de\/?attachment_id=1472'><img loading=\"lazy\" decoding=\"async\" width=\"500\" height=\"333\" src=\"https:\/\/bsv-rees-feldmark.de\/wp-content\/uploads\/2019\/01\/Logo_Zahnarztpraxis-am-Stadtgarten-Michael-Gr\u00fcneboom.jpg\" class=\"attachment-full size-full\" alt=\"\" srcset=\"https:\/\/bsv-rees-feldmark.de\/wp-content\/uploads\/2019\/01\/Logo_Zahnarztpraxis-am-Stadtgarten-Michael-Gr\u00fcneboom.jpg 500w, https:\/\/bsv-rees-feldmark.de\/wp-content\/uploads\/2019\/01\/Logo_Zahnarztpraxis-am-Stadtgarten-Michael-Gr\u00fcneboom-300x200.jpg 300w\" sizes=\"auto, (max-width: 500px) 100vw, 500px\" \/><\/a>\n\t\t\t<\/div><\/figure><figure class='gallery-item'>\n\t\t\t<div class='gallery-icon landscape'>\n\t\t\t\t<a href='https:\/\/www.schiffer-optik.de'><img loading=\"lazy\" decoding=\"async\" width=\"500\" height=\"236\" src=\"https:\/\/bsv-rees-feldmark.de\/wp-content\/uploads\/2019\/01\/Logo_Schiffer-Optik.jpg\" class=\"attachment-full size-full\" alt=\"\" srcset=\"https:\/\/bsv-rees-feldmark.de\/wp-content\/uploads\/2019\/01\/Logo_Schiffer-Optik.jpg 500w, https:\/\/bsv-rees-feldmark.de\/wp-content\/uploads\/2019\/01\/Logo_Schiffer-Optik-300x142.jpg 300w\" sizes=\"auto, (max-width: 500px) 100vw, 500px\" \/><\/a>\n\t\t\t<\/div><\/figure><figure class='gallery-item'>\n\t\t\t<div class='gallery-icon landscape'>\n\t\t\t\t<a href='https:\/\/www.schuhhaus-becker.com'><img loading=\"lazy\" decoding=\"async\" width=\"500\" height=\"338\" src=\"https:\/\/bsv-rees-feldmark.de\/wp-content\/uploads\/2019\/01\/Logo_Schuhhaus-u.-Orthop\u00e4die-Schuhtechnik-Becker-GmbH.jpg\" class=\"attachment-full size-full\" alt=\"\" srcset=\"https:\/\/bsv-rees-feldmark.de\/wp-content\/uploads\/2019\/01\/Logo_Schuhhaus-u.-Orthop\u00e4die-Schuhtechnik-Becker-GmbH.jpg 500w, https:\/\/bsv-rees-feldmark.de\/wp-content\/uploads\/2019\/01\/Logo_Schuhhaus-u.-Orthop\u00e4die-Schuhtechnik-Becker-GmbH-300x203.jpg 300w\" sizes=\"auto, (max-width: 500px) 100vw, 500px\" \/><\/a>\n\t\t\t<\/div><\/figure><figure class='gallery-item'>\n\t\t\t<div class='gallery-icon landscape'>\n\t\t\t\t<a href='https:\/\/bsv-rees-feldmark.de\/?attachment_id=1466'><img loading=\"lazy\" decoding=\"async\" width=\"499\" height=\"350\" src=\"https:\/\/bsv-rees-feldmark.de\/wp-content\/uploads\/2019\/01\/Logo_Peters-u.-Sweekhorst.jpg\" class=\"attachment-full size-full\" alt=\"\" srcset=\"https:\/\/bsv-rees-feldmark.de\/wp-content\/uploads\/2019\/01\/Logo_Peters-u.-Sweekhorst.jpg 499w, https:\/\/bsv-rees-feldmark.de\/wp-content\/uploads\/2019\/01\/Logo_Peters-u.-Sweekhorst-300x210.jpg 300w, https:\/\/bsv-rees-feldmark.de\/wp-content\/uploads\/2019\/01\/Logo_Peters-u.-Sweekhorst-130x90.jpg 130w\" sizes=\"auto, (max-width: 499px) 100vw, 499px\" \/><\/a>\n\t\t\t<\/div><\/figure><figure class='gallery-item'>\n\t\t\t<div class='gallery-icon landscape'>\n\t\t\t\t<a href='https:\/\/bsv-rees-feldmark.de\/?attachment_id=1462'><img loading=\"lazy\" decoding=\"async\" width=\"445\" height=\"350\" src=\"https:\/\/bsv-rees-feldmark.de\/wp-content\/uploads\/2019\/01\/Logo_LVM-Versicherungen-Schirrmacher-u.-Dammeier.png\" class=\"attachment-full size-full\" alt=\"\" srcset=\"https:\/\/bsv-rees-feldmark.de\/wp-content\/uploads\/2019\/01\/Logo_LVM-Versicherungen-Schirrmacher-u.-Dammeier.png 445w, https:\/\/bsv-rees-feldmark.de\/wp-content\/uploads\/2019\/01\/Logo_LVM-Versicherungen-Schirrmacher-u.-Dammeier-300x236.png 300w\" sizes=\"auto, (max-width: 445px) 100vw, 445px\" \/><\/a>\n\t\t\t<\/div><\/figure><figure class='gallery-item'>\n\t\t\t<div class='gallery-icon landscape'>\n\t\t\t\t<a href='https:\/\/bsv-rees-feldmark.de\/?attachment_id=1460'><img loading=\"lazy\" decoding=\"async\" width=\"500\" height=\"315\" src=\"https:\/\/bsv-rees-feldmark.de\/wp-content\/uploads\/2019\/01\/Logo_K\u00fchnen-GmbH.jpg\" class=\"attachment-full size-full\" alt=\"\" srcset=\"https:\/\/bsv-rees-feldmark.de\/wp-content\/uploads\/2019\/01\/Logo_K\u00fchnen-GmbH.jpg 500w, https:\/\/bsv-rees-feldmark.de\/wp-content\/uploads\/2019\/01\/Logo_K\u00fchnen-GmbH-300x189.jpg 300w\" sizes=\"auto, (max-width: 500px) 100vw, 500px\" \/><\/a>\n\t\t\t<\/div><\/figure><figure class='gallery-item'>\n\t\t\t<div class='gallery-icon landscape'>\n\t\t\t\t<a href='https:\/\/www.holzbau-schenk.de'><img loading=\"lazy\" decoding=\"async\" width=\"500\" height=\"235\" src=\"https:\/\/bsv-rees-feldmark.de\/wp-content\/uploads\/2019\/01\/Logo_Holzbau-Schenk.jpg\" class=\"attachment-full size-full\" alt=\"\" srcset=\"https:\/\/bsv-rees-feldmark.de\/wp-content\/uploads\/2019\/01\/Logo_Holzbau-Schenk.jpg 500w, https:\/\/bsv-rees-feldmark.de\/wp-content\/uploads\/2019\/01\/Logo_Holzbau-Schenk-300x141.jpg 300w\" sizes=\"auto, (max-width: 500px) 100vw, 500px\" \/><\/a>\n\t\t\t<\/div><\/figure><figure class='gallery-item'>\n\t\t\t<div class='gallery-icon landscape'>\n\t\t\t\t<a href='http:\/\/www.hair-andbodycare.de\/friseure-rees.html'><img loading=\"lazy\" decoding=\"async\" width=\"500\" height=\"281\" src=\"https:\/\/bsv-rees-feldmark.de\/wp-content\/uploads\/2019\/01\/Logo_Hair-und-Bodycare.jpg\" class=\"attachment-full size-full\" alt=\"\" srcset=\"https:\/\/bsv-rees-feldmark.de\/wp-content\/uploads\/2019\/01\/Logo_Hair-und-Bodycare.jpg 500w, https:\/\/bsv-rees-feldmark.de\/wp-content\/uploads\/2019\/01\/Logo_Hair-und-Bodycare-300x169.jpg 300w\" sizes=\"auto, (max-width: 500px) 100vw, 500px\" \/><\/a>\n\t\t\t<\/div><\/figure><figure class='gallery-item'>\n\t\t\t<div class='gallery-icon landscape'>\n\t\t\t\t<a href='https:\/\/www.galagoe.de'><img loading=\"lazy\" decoding=\"async\" width=\"500\" height=\"342\" src=\"https:\/\/bsv-rees-feldmark.de\/wp-content\/uploads\/2019\/01\/Logo_G\u00f6rtzen-GmbH.jpg\" class=\"attachment-full size-full\" alt=\"\" srcset=\"https:\/\/bsv-rees-feldmark.de\/wp-content\/uploads\/2019\/01\/Logo_G\u00f6rtzen-GmbH.jpg 500w, https:\/\/bsv-rees-feldmark.de\/wp-content\/uploads\/2019\/01\/Logo_G\u00f6rtzen-GmbH-300x205.jpg 300w, https:\/\/bsv-rees-feldmark.de\/wp-content\/uploads\/2019\/01\/Logo_G\u00f6rtzen-GmbH-130x90.jpg 130w\" sizes=\"auto, (max-width: 500px) 100vw, 500px\" \/><\/a>\n\t\t\t<\/div><\/figure><figure class='gallery-item'>\n\t\t\t<div class='gallery-icon portrait'>\n\t\t\t\t<a href='https:\/\/bsv-rees-feldmark.de\/?attachment_id=1454'><img loading=\"lazy\" decoding=\"async\" width=\"282\" height=\"350\" src=\"https:\/\/bsv-rees-feldmark.de\/wp-content\/uploads\/2019\/01\/Logo_Christian-Seelen.jpg\" class=\"attachment-full size-full\" alt=\"\" srcset=\"https:\/\/bsv-rees-feldmark.de\/wp-content\/uploads\/2019\/01\/Logo_Christian-Seelen.jpg 282w, https:\/\/bsv-rees-feldmark.de\/wp-content\/uploads\/2019\/01\/Logo_Christian-Seelen-242x300.jpg 242w\" sizes=\"auto, (max-width: 282px) 100vw, 282px\" \/><\/a>\n\t\t\t<\/div><\/figure><figure class='gallery-item'>\n\t\t\t<div class='gallery-icon landscape'>\n\t\t\t\t<a href='http:\/\/www.bb-plus.de'><img loading=\"lazy\" decoding=\"async\" width=\"492\" height=\"350\" src=\"https:\/\/bsv-rees-feldmark.de\/wp-content\/uploads\/2019\/01\/Logo_Bed-u.-Breakfast.jpg\" class=\"attachment-full size-full\" alt=\"\" srcset=\"https:\/\/bsv-rees-feldmark.de\/wp-content\/uploads\/2019\/01\/Logo_Bed-u.-Breakfast.jpg 492w, https:\/\/bsv-rees-feldmark.de\/wp-content\/uploads\/2019\/01\/Logo_Bed-u.-Breakfast-300x213.jpg 300w\" sizes=\"auto, (max-width: 492px) 100vw, 492px\" \/><\/a>\n\t\t\t<\/div><\/figure><figure class='gallery-item'>\n\t\t\t<div class='gallery-icon landscape'>\n\t\t\t\t<a href='https:\/\/bsv-rees-feldmark.de\/?attachment_id=1479'><img loading=\"lazy\" decoding=\"async\" width=\"500\" height=\"345\" src=\"https:\/\/bsv-rees-feldmark.de\/wp-content\/uploads\/2019\/01\/Logo_Manuela-Vennemann.jpg\" class=\"attachment-full size-full\" alt=\"\" srcset=\"https:\/\/bsv-rees-feldmark.de\/wp-content\/uploads\/2019\/01\/Logo_Manuela-Vennemann.jpg 500w, https:\/\/bsv-rees-feldmark.de\/wp-content\/uploads\/2019\/01\/Logo_Manuela-Vennemann-300x207.jpg 300w, https:\/\/bsv-rees-feldmark.de\/wp-content\/uploads\/2019\/01\/Logo_Manuela-Vennemann-130x90.jpg 130w\" sizes=\"auto, (max-width: 500px) 100vw, 500px\" \/><\/a>\n\t\t\t<\/div><\/figure><figure class='gallery-item'>\n\t\t\t<div class='gallery-icon landscape'>\n\t\t\t\t<a href='https:\/\/bsv-rees-feldmark.de\/?attachment_id=1614'><img loading=\"lazy\" decoding=\"async\" width=\"528\" height=\"349\" src=\"https:\/\/bsv-rees-feldmark.de\/wp-content\/uploads\/2019\/01\/HM.jpg\" class=\"attachment-full size-full\" alt=\"\" srcset=\"https:\/\/bsv-rees-feldmark.de\/wp-content\/uploads\/2019\/01\/HM.jpg 528w, https:\/\/bsv-rees-feldmark.de\/wp-content\/uploads\/2019\/01\/HM-300x198.jpg 300w\" sizes=\"auto, (max-width: 528px) 100vw, 528px\" \/><\/a>\n\t\t\t<\/div><\/figure>\n\t\t<\/div>\n\n\n\n<p><\/p>\n","protected":false},"excerpt":{"rendered":"<p>Der B\u00fcrgersch\u00fctzenverein Rees-Feldmark, Groin und Bergswick e. V. bedankt sich bei folgenden Sponsoren f\u00fcr die gute und vertrauensvolle Zusammenarbeit.<\/p>\n","protected":false},"author":1,"featured_media":0,"parent":0,"menu_order":6,"comment_status":"closed","ping_status":"closed","template":"","meta":{"footnotes":"","_links_to":"","_links_to_target":""},"class_list":["post-59","page","type-page","status-publish","hentry"],"_links":{"self":[{"href":"https:\/\/bsv-rees-feldmark.de\/index.php?rest_route=\/wp\/v2\/pages\/59","targetHints":{"allow":["GET"]}}],"collection":[{"href":"https:\/\/bsv-rees-feldmark.de\/index.php?rest_route=\/wp\/v2\/pages"}],"about":[{"href":"https:\/\/bsv-rees-feldmark.de\/index.php?rest_route=\/wp\/v2\/types\/page"}],"author":[{"embeddable":true,"href":"https:\/\/bsv-rees-feldmark.de\/index.php?rest_route=\/wp\/v2\/users\/1"}],"replies":[{"embeddable":true,"href":"https:\/\/bsv-rees-feldmark.de\/index.php?rest_route=%2Fwp%2Fv2%2Fcomments&post=59"}],"version-history":[{"count":25,"href":"https:\/\/bsv-rees-feldmark.de\/index.php?rest_route=\/wp\/v2\/pages\/59\/revisions"}],"predecessor-version":[{"id":2410,"href":"https:\/\/bsv-rees-feldmark.de\/index.php?rest_route=\/wp\/v2\/pages\/59\/revisions\/2410"}],"wp:attachment":[{"href":"https:\/\/bsv-rees-feldmark.de\/index.php?rest_route=%2Fwp%2Fv2%2Fmedia&parent=59"}],"curies":[{"name":"wp","href":"https:\/\/api.w.org\/{rel}","templated":true}]}}