{"id":54,"date":"2016-06-02T10:20:01","date_gmt":"2016-06-02T10:20:01","guid":{"rendered":"http:\/\/bsv-rees-feldmark.de\/?page_id=54"},"modified":"2025-11-01T18:38:27","modified_gmt":"2025-11-01T17:38:27","slug":"kinderkoenig-in","status":"publish","type":"page","link":"https:\/\/bsv-rees-feldmark.de\/?page_id=54","title":{"rendered":"Kinderk\u00f6nig\/-in"},"content":{"rendered":"<p style=\"text-align: center;\"><span style=\"font-family: arial, helvetica, sans-serif;\">Kindersch\u00fctzenk\u00f6nige\/-k\u00f6niginnen des B\u00fcrgersch\u00fctzenvereins Rees-Feldmark, Groin<\/span><br \/>\n<span style=\"font-family: arial, helvetica, sans-serif;\">und Bergswick e. V.<\/span><\/p>\n<table width=\"285\">\n<tbody>\n<tr>\n<td width=\"35\"><span style=\"font-family: arial, helvetica, sans-serif;\"><strong><u>Jahr<\/u><\/strong><\/span><\/td>\n<td width=\"125\"><span style=\"font-family: arial, helvetica, sans-serif;\"><strong><u>K\u00f6nig<\/u><\/strong><\/span><\/td>\n<td width=\"125\"><span style=\"font-family: arial, helvetica, sans-serif;\"><strong><u>K\u00f6nigin<\/u><\/strong><\/span><\/td>\n<\/tr>\n<tr>\n<td><span style=\"font-family: arial, helvetica, sans-serif;\">2025<\/span><\/td>\n<td><span style=\"font-family: arial, helvetica, sans-serif;\">Timo Arendsen<\/span><\/td>\n<td><span style=\"font-family: arial, helvetica, sans-serif;\">Sophia Arendsen<\/span><\/td>\n<\/tr>\n<tr>\n<td><span style=\"font-family: arial, helvetica, sans-serif;\">2024<\/span><\/td>\n<td><span style=\"font-family: arial, helvetica, sans-serif;\">Theo Z\u00fcpke<\/span><\/td>\n<td><span style=\"font-family: arial, helvetica, sans-serif;\">Mia Bolzenius<\/span><\/td>\n<\/tr>\n<tr>\n<td><span style=\"font-family: arial, helvetica, sans-serif;\">2023<\/span><\/td>\n<td><span style=\"font-family: arial, helvetica, sans-serif;\">Anton Ditters<\/span><\/td>\n<td><span style=\"font-family: arial, helvetica, sans-serif;\">Paulina Sch\u00fcppel<\/span><\/td>\n<\/tr>\n<tr>\n<td><span style=\"font-family: arial, helvetica, sans-serif;\">2022<\/span><\/td>\n<td><span style=\"font-family: arial, helvetica, sans-serif;\">Kian Deenok<\/span><\/td>\n<td><span style=\"font-family: arial, helvetica, sans-serif;\">Lina Marcinkiewicz<\/span><\/td>\n<\/tr>\n<tr>\n<td><span style=\"font-family: arial, helvetica, sans-serif;\">2019<\/span><\/td>\n<td><span style=\"font-family: arial, helvetica, sans-serif;\">Noel Pohle<\/span><\/td>\n<td><span style=\"font-family: arial, helvetica, sans-serif;\">Jule Tybussek<\/span><\/td>\n<\/tr>\n<tr>\n<td width=\"35\"><span style=\"font-family: arial, helvetica, sans-serif;\">2018<\/span><\/td>\n<td width=\"125\"><span style=\"font-family: arial, helvetica, sans-serif;\">Luca Jansen<\/span><\/td>\n<td><span style=\"font-family: arial, helvetica, sans-serif;\">Nele Fischdick<\/span><\/td>\n<\/tr>\n<tr>\n<td width=\"35\"><span style=\"font-family: arial, helvetica, sans-serif;\">2017<\/span><\/td>\n<td width=\"125\"><span style=\"font-family: arial, helvetica, sans-serif;\">Justin Harder<\/span><\/td>\n<td><span style=\"font-family: arial, helvetica, sans-serif;\">Anna-Maria Kox<\/span><\/td>\n<\/tr>\n<tr>\n<td width=\"35\"><span style=\"font-family: arial, helvetica, sans-serif;\">2016<\/span><\/td>\n<td width=\"125\"><span style=\"font-family: arial, helvetica, sans-serif;\">Simon Kn\u00e4pper<\/span><\/td>\n<td><span style=\"font-family: arial, helvetica, sans-serif;\">Estelle Joris<\/span><\/td>\n<\/tr>\n<tr>\n<td width=\"35\"><span style=\"font-family: arial, helvetica, sans-serif;\">2015<\/span><\/td>\n<td width=\"125\"><span style=\"font-family: arial, helvetica, sans-serif;\">Jan-Stephan Kox<\/span><\/td>\n<td width=\"125\"><span style=\"font-family: arial, helvetica, sans-serif;\">Laura Elspass<\/span><\/td>\n<\/tr>\n<tr>\n<td width=\"35\"><span style=\"font-family: arial, helvetica, sans-serif;\">2014<\/span><\/td>\n<td width=\"125\"><span style=\"font-family: arial, helvetica, sans-serif;\">Anna-Maria Kox<\/span><\/td>\n<td width=\"125\"><span style=\"font-family: arial, helvetica, sans-serif;\">Kai Brockmann<\/span><\/td>\n<\/tr>\n<tr>\n<td width=\"35\"><span style=\"font-family: arial, helvetica, sans-serif;\">2013<\/span><\/td>\n<td width=\"125\"><span style=\"font-family: arial, helvetica, sans-serif;\">Jannis Kn\u00e4pper<\/span><\/td>\n<td width=\"125\"><span style=\"font-family: arial, helvetica, sans-serif;\">Anika Kurth<\/span><\/td>\n<\/tr>\n<tr>\n<td width=\"35\"><span style=\"font-family: arial, helvetica, sans-serif;\">2012<\/span><\/td>\n<td width=\"125\"><span style=\"font-family: arial, helvetica, sans-serif;\">Rudi Brockmann<\/span><\/td>\n<td width=\"125\"><span style=\"font-family: arial, helvetica, sans-serif;\">Mara Lee Holzum<\/span><\/td>\n<\/tr>\n<tr>\n<td width=\"35\"><span style=\"font-family: arial, helvetica, sans-serif;\">2011<\/span><\/td>\n<td width=\"125\"><span style=\"font-family: arial, helvetica, sans-serif;\">Torben van Bruck<\/span><\/td>\n<td width=\"125\"><span style=\"font-family: arial, helvetica, sans-serif;\">Kristina Ruitter<\/span><\/td>\n<\/tr>\n<tr>\n<td width=\"35\"><span style=\"font-family: arial, helvetica, sans-serif;\">2010<\/span><\/td>\n<td width=\"125\"><span style=\"font-family: arial, helvetica, sans-serif;\">Lukas H\u00fchner<\/span><\/td>\n<td width=\"125\"><span style=\"font-family: arial, helvetica, sans-serif;\">Emilie H\u00fchner<\/span><\/td>\n<\/tr>\n<tr>\n<td width=\"35\"><span style=\"font-family: arial, helvetica, sans-serif;\">2009<\/span><\/td>\n<td width=\"125\"><span style=\"font-family: arial, helvetica, sans-serif;\">Hendrik van Bruck<\/span><\/td>\n<td width=\"125\"><span style=\"font-family: arial, helvetica, sans-serif;\">Jill-Marie Sommer<\/span><\/td>\n<\/tr>\n<tr>\n<td width=\"35\"><span style=\"font-family: arial, helvetica, sans-serif;\">2008<\/span><\/td>\n<td width=\"125\"><span style=\"font-family: arial, helvetica, sans-serif;\">Mario Wynhoven<\/span><\/td>\n<td width=\"125\"><span style=\"font-family: arial, helvetica, sans-serif;\">Alina Jordan<\/span><\/td>\n<\/tr>\n<tr>\n<td width=\"35\"><span style=\"font-family: arial, helvetica, sans-serif;\">2007<\/span><\/td>\n<td width=\"125\"><span style=\"font-family: arial, helvetica, sans-serif;\">Max Vennemann<\/span><\/td>\n<td width=\"125\"><span style=\"font-family: arial, helvetica, sans-serif;\">Ina Vennemann<\/span><\/td>\n<\/tr>\n<tr>\n<td width=\"35\"><span style=\"font-family: arial, helvetica, sans-serif;\">2006<\/span><\/td>\n<td width=\"125\"><span style=\"font-family: arial, helvetica, sans-serif;\">Niklas Wanders<\/span><\/td>\n<td width=\"125\"><span style=\"font-family: arial, helvetica, sans-serif;\">Silvie Wanders<\/span><\/td>\n<\/tr>\n<tr>\n<td width=\"35\"><span style=\"font-family: arial, helvetica, sans-serif;\">2005<\/span><\/td>\n<td width=\"125\"><span style=\"font-family: arial, helvetica, sans-serif;\">Niklas Kemkes<\/span><\/td>\n<td width=\"125\"><span style=\"font-family: arial, helvetica, sans-serif;\">Carolin Kemkes<\/span><\/td>\n<\/tr>\n<tr>\n<td width=\"35\"><span style=\"font-family: arial, helvetica, sans-serif;\">2004<\/span><\/td>\n<td width=\"125\"><span style=\"font-family: arial, helvetica, sans-serif;\">Marvin Wynhoven<\/span><\/td>\n<td width=\"125\"><span style=\"font-family: arial, helvetica, sans-serif;\">Melina Wynhoven<\/span><\/td>\n<\/tr>\n<tr>\n<td><span style=\"font-family: arial, helvetica, sans-serif;\">2003<br \/>\n<\/span><\/td>\n<td><span style=\"font-family: arial, helvetica, sans-serif;\">Max Otten<br \/>\n<\/span><\/td>\n<td><span style=\"font-family: arial, helvetica, sans-serif;\">Franziska Otten<br \/>\n<\/span><\/td>\n<\/tr>\n<\/tbody>\n<\/table>\n<p><\/p>\n","protected":false},"excerpt":{"rendered":"<p>Kindersch\u00fctzenk\u00f6nige\/-k\u00f6niginnen des B\u00fcrgersch\u00fctzenvereins Rees-Feldmark, Groin und Bergswick e. V. Jahr K\u00f6nig K\u00f6nigin 2025 Timo Arendsen Sophia Arendsen 2024 Theo Z\u00fcpke Mia Bolzenius 2023 Anton Ditters Paulina Sch\u00fcppel 2022 Kian Deenok Lina Marcinkiewicz 2019 Noel Pohle Jule Tybussek 2018 Luca Jansen<\/p>\n","protected":false},"author":1,"featured_media":0,"parent":42,"menu_order":4,"comment_status":"closed","ping_status":"closed","template":"","meta":{"footnotes":"","_links_to":"","_links_to_target":""},"class_list":["post-54","page","type-page","status-publish","hentry"],"_links":{"self":[{"href":"https:\/\/bsv-rees-feldmark.de\/index.php?rest_route=\/wp\/v2\/pages\/54","targetHints":{"allow":["GET"]}}],"collection":[{"href":"https:\/\/bsv-rees-feldmark.de\/index.php?rest_route=\/wp\/v2\/pages"}],"about":[{"href":"https:\/\/bsv-rees-feldmark.de\/index.php?rest_route=\/wp\/v2\/types\/page"}],"author":[{"embeddable":true,"href":"https:\/\/bsv-rees-feldmark.de\/index.php?rest_route=\/wp\/v2\/users\/1"}],"replies":[{"embeddable":true,"href":"https:\/\/bsv-rees-feldmark.de\/index.php?rest_route=%2Fwp%2Fv2%2Fcomments&post=54"}],"version-history":[{"count":13,"href":"https:\/\/bsv-rees-feldmark.de\/index.php?rest_route=\/wp\/v2\/pages\/54\/revisions"}],"predecessor-version":[{"id":3004,"href":"https:\/\/bsv-rees-feldmark.de\/index.php?rest_route=\/wp\/v2\/pages\/54\/revisions\/3004"}],"up":[{"embeddable":true,"href":"https:\/\/bsv-rees-feldmark.de\/index.php?rest_route=\/wp\/v2\/pages\/42"}],"wp:attachment":[{"href":"https:\/\/bsv-rees-feldmark.de\/index.php?rest_route=%2Fwp%2Fv2%2Fmedia&parent=54"}],"curies":[{"name":"wp","href":"https:\/\/api.w.org\/{rel}","templated":true}]}}