{"id":480,"date":"2016-11-06T18:04:12","date_gmt":"2016-11-06T18:04:12","guid":{"rendered":"http:\/\/bsv-rees-feldmark.de\/?page_id=480"},"modified":"2019-12-29T16:07:18","modified_gmt":"2019-12-29T16:07:18","slug":"links","status":"publish","type":"page","link":"https:\/\/bsv-rees-feldmark.de\/?page_id=480","title":{"rendered":"Linksammlung"},"content":{"rendered":"<p><span style=\"font-family: arial, helvetica, sans-serif;\">Links zu befreundeten Vereinen, Tambourcorps, Blasorchestern usw.:<\/span><\/p>\n<ul>\n<li><span style=\"font-family: arial, helvetica, sans-serif;\"><a href=\"http:\/\/bsv-rees.de\/\" target=\"_blank\" rel=\"noopener noreferrer\">B\u00fcrgersch\u00fctzenverein Rees<\/a><\/span><\/li>\n<li><span style=\"font-family: arial, helvetica, sans-serif;\"><a href=\"http:\/\/www.schuetzenbruderschaft-esserden.de\/\" target=\"_blank\" rel=\"noopener noreferrer\">St.-Irmgardis-Sch\u00fctzenbruderschaft Esserden &#8211; Reeserward &#8211; Speldrop e.V<\/a><\/span><\/li>\n<li><span style=\"font-family: arial, helvetica, sans-serif;\"><a href=\"http:\/\/www.halderner-blasorchester.de\/\" target=\"_blank\" rel=\"noopener noreferrer\">Halderner Blasorchester e. V. <\/a><\/span><\/li>\n<li><span style=\"font-family: arial, helvetica, sans-serif;\"><a href=\"http:\/\/www.tambourcorps-rees.de\/\" target=\"_blank\" rel=\"noopener noreferrer\">Tambourcourps Rees<\/a><\/span><\/li>\n<li><span style=\"font-family: arial, helvetica, sans-serif;\"><a href=\"http:\/\/tc-hoennepel.de\/\" target=\"_blank\" rel=\"noopener noreferrer\">Bundessch\u00fctzen-Tambourcorps H\u00f6nnepel<\/a><\/span><\/li>\n<\/ul>\n<p><span style=\"font-family: arial, helvetica, sans-serif;\">Links zu Z\u00fcgen und Schie\u00dfgruppe\u00a0unseres Vereins<\/span><\/p>\n<ul>\n<li><span style=\"font-family: arial, helvetica, sans-serif;\"><a href=\"http:\/\/www.1ter-zug.de\/\" target=\"_blank\" rel=\"noopener noreferrer\">1. Zug des BSV Rees-Feldmark<\/a><\/span><\/li>\n<li><a href=\"http:\/\/www.bsv-rees-feldmark-schiessport.de\/\" target=\"_blank\" rel=\"noopener noreferrer\"><span style=\"font-family: arial, helvetica, sans-serif;\">Sportsch\u00fctzen des BSV Rees-Feldmark<\/span><\/a><\/li>\n<\/ul>\n","protected":false},"excerpt":{"rendered":"<p>Links zu befreundeten Vereinen, Tambourcorps, Blasorchestern usw.: B\u00fcrgersch\u00fctzenverein Rees St.-Irmgardis-Sch\u00fctzenbruderschaft Esserden &#8211; Reeserward &#8211; Speldrop e.V Halderner Blasorchester e. V. Tambourcourps Rees Bundessch\u00fctzen-Tambourcorps H\u00f6nnepel Links zu Z\u00fcgen und Schie\u00dfgruppe\u00a0unseres Vereins 1. Zug des BSV Rees-Feldmark Sportsch\u00fctzen des BSV Rees-Feldmark<\/p>\n","protected":false},"author":1,"featured_media":0,"parent":75,"menu_order":2,"comment_status":"closed","ping_status":"closed","template":"","meta":{"footnotes":"","_links_to":"","_links_to_target":""},"class_list":["post-480","page","type-page","status-publish","hentry"],"_links":{"self":[{"href":"https:\/\/bsv-rees-feldmark.de\/index.php?rest_route=\/wp\/v2\/pages\/480","targetHints":{"allow":["GET"]}}],"collection":[{"href":"https:\/\/bsv-rees-feldmark.de\/index.php?rest_route=\/wp\/v2\/pages"}],"about":[{"href":"https:\/\/bsv-rees-feldmark.de\/index.php?rest_route=\/wp\/v2\/types\/page"}],"author":[{"embeddable":true,"href":"https:\/\/bsv-rees-feldmark.de\/index.php?rest_route=\/wp\/v2\/users\/1"}],"replies":[{"embeddable":true,"href":"https:\/\/bsv-rees-feldmark.de\/index.php?rest_route=%2Fwp%2Fv2%2Fcomments&post=480"}],"version-history":[{"count":4,"href":"https:\/\/bsv-rees-feldmark.de\/index.php?rest_route=\/wp\/v2\/pages\/480\/revisions"}],"predecessor-version":[{"id":2135,"href":"https:\/\/bsv-rees-feldmark.de\/index.php?rest_route=\/wp\/v2\/pages\/480\/revisions\/2135"}],"up":[{"embeddable":true,"href":"https:\/\/bsv-rees-feldmark.de\/index.php?rest_route=\/wp\/v2\/pages\/75"}],"wp:attachment":[{"href":"https:\/\/bsv-rees-feldmark.de\/index.php?rest_route=%2Fwp%2Fv2%2Fmedia&parent=480"}],"curies":[{"name":"wp","href":"https:\/\/api.w.org\/{rel}","templated":true}]}}