{"id":46,"date":"2016-06-02T11:18:33","date_gmt":"2016-06-02T10:18:33","guid":{"rendered":"http:\/\/bsv-rees-feldmark.de\/?page_id=46"},"modified":"2025-11-01T18:41:08","modified_gmt":"2025-11-01T17:41:08","slug":"vizekoenige","status":"publish","type":"page","link":"https:\/\/bsv-rees-feldmark.de\/?page_id=46","title":{"rendered":"Vizek\u00f6nige"},"content":{"rendered":"<p><span style=\"font-family: arial, helvetica, sans-serif;\">Eigentlich gibt es den \u201cClub der Vizek\u00f6nige\u201d gar nicht offiziell in unserem Verein:<\/span><\/p>\n<p><span style=\"font-family: arial, helvetica, sans-serif;\">\u201cE I G E N T L I C H\u201d<\/span><\/p>\n<p><span style=\"font-family: arial, helvetica, sans-serif;\">Der \u201cClub der Vizek\u00f6nige\u201d wurde aus der Not geboren. Unseren Vogelbauern n\u00e4mlich, zimmern zum Sch\u00fctzenfestmontag (immerhin Fr\u00fchschoppen!) einen derart stabilen Vogel, dass es durchaus sein kann, dass beim finalen Vizek\u00f6nigschuss, nur noch eine Handvoll Sch\u00fctzenkameraden bis dahin durchhalten.<\/span><\/p>\n<p><span style=\"font-family: arial, helvetica, sans-serif;\">Um den neuen Vizek\u00f6nig nicht alleine seine neu errungene K\u00f6nigsw\u00fcrde feiern zu lassen, kamen die Vizek\u00f6nige Gerry G\u00f6rtzen und Rainer Trometer auf die Idee, den \u201cClub der Vizek\u00f6nige\u201d ins Leben zu rufen.<\/span><\/p>\n<p><span style=\"font-family: arial, helvetica, sans-serif;\">Der so entstandene Club fand schnell grossen Anklang.<\/span><\/p>\n<p><span style=\"font-family: arial, helvetica, sans-serif;\">So trifft man sich nicht nur zum Sch\u00fctzenfest, sondern auch zweimal im Laufe des Jahres: Im Mai zur sogenannten Vizefitzetoure, bei der verschiedene Aktivit\u00e4ten (nicht nur Fahrradfahren) auf dem Programm stehen. Anschliessend l\u00e4sst man den Abend in gem\u00fctlicher Runde beim Grillen und bei einem (oder zwei) Schl\u00fcckchen Bier ausklingen.<\/span><\/p>\n<p><span style=\"font-family: arial, helvetica, sans-serif;\">Im Oktober\/November trifft man sich dann zum fast schon traditionsm\u00e4\u00dfigen Martinsgansessen. Auch hier werden oft heisse Gespr\u00e4che gef\u00fchrt und der Abend kann schon einmal in den fr\u00fchen Morgen enden.<\/span><\/p>\n<p><span style=\"font-family: arial, helvetica, sans-serif;\">Vorsitzender des \u201cClub der Vizek\u00f6nige\u201d ist immer der amtierende Vizek\u00f6nig. So ist es in diesem Jahr Jan Boland.<\/span><\/p>\n<p><span style=\"font-family: arial, helvetica, sans-serif;\">Die Mitglieder des \u201cClub der Vizek\u00f6nige\u201d<\/span><\/p>\n<p><span style=\"font-size: 8pt; font-family: arial, helvetica, sans-serif;\">* gem\u00e4\u00df eingereichter Einwilligungserkl\u00e4rung DSGVO d\u00fcrfen die Daten nicht ver\u00f6ffentlicht werden.<\/span><\/p>\n<table style=\"height: 945px;\" width=\"174\">\n<tbody>\n<tr style=\"height: 21px;\">\n<td style=\"height: 21px;\" width=\"35\"><span style=\"font-family: arial, helvetica, sans-serif;\"><strong>Jahr<\/strong><\/span><\/td>\n<td style=\"height: 21px;\" width=\"139\"><span style=\"font-family: arial, helvetica, sans-serif;\"><strong>Vizek\u00f6nig<\/strong><\/span><\/td>\n<\/tr>\n<tr style=\"height: 21px;\">\n<td style=\"height: 21px;\"><span style=\"font-family: arial, helvetica, sans-serif;\">2025<\/span><\/td>\n<td style=\"height: 21px;\"><span style=\"font-family: arial, helvetica, sans-serif;\">Jan Boland<\/span><\/td>\n<\/tr>\n<tr style=\"height: 21px;\">\n<td style=\"height: 21px;\"><span style=\"font-family: arial, helvetica, sans-serif;\">2024<\/span><\/td>\n<td style=\"height: 21px;\"><span style=\"font-family: arial, helvetica, sans-serif;\">Andreas Pohle<\/span><\/td>\n<\/tr>\n<tr style=\"height: 21px;\">\n<td style=\"height: 21px;\"><span style=\"font-family: arial, helvetica, sans-serif;\">2023<\/span><\/td>\n<td style=\"height: 21px;\"><span style=\"font-family: arial, helvetica, sans-serif;\">Mario Wynhoven<\/span><\/td>\n<\/tr>\n<tr style=\"height: 21px;\">\n<td style=\"height: 21px;\"><span style=\"font-family: arial, helvetica, sans-serif;\">2022<br \/>\n<\/span><\/td>\n<td style=\"height: 21px;\"><span style=\"font-family: arial, helvetica, sans-serif;\">Ralf Pohle<br \/>\n<\/span><\/td>\n<\/tr>\n<tr style=\"height: 21px;\">\n<td style=\"height: 21px;\"><span style=\"font-family: arial, helvetica, sans-serif;\">2019<\/span><\/td>\n<td style=\"height: 21px;\"><span style=\"font-family: arial, helvetica, sans-serif;\">Uli Ernst<\/span><\/td>\n<\/tr>\n<tr style=\"height: 21px;\">\n<td style=\"height: 21px;\" width=\"35\"><span style=\"font-family: arial, helvetica, sans-serif;\">2018<\/span><\/td>\n<td style=\"height: 21px;\" width=\"139\"><span style=\"font-family: arial, helvetica, sans-serif;\">Klaus Schneck<\/span><\/td>\n<\/tr>\n<tr style=\"height: 21px;\">\n<td style=\"height: 21px;\" width=\"35\"><span style=\"font-family: arial, helvetica, sans-serif;\">2017<\/span><\/td>\n<td style=\"height: 21px;\" width=\"139\"><span style=\"font-family: arial, helvetica, sans-serif;\">Helmut Boland<\/span><\/td>\n<\/tr>\n<tr style=\"height: 21px;\">\n<td style=\"height: 21px;\" width=\"35\"><span style=\"font-family: arial, helvetica, sans-serif;\">2016<\/span><\/td>\n<td style=\"height: 21px;\" width=\"139\"><span style=\"font-family: arial, helvetica, sans-serif;\">Andr\u00e9 Vos<\/span><\/td>\n<\/tr>\n<tr style=\"height: 21px;\">\n<td style=\"height: 21px;\" width=\"35\"><span style=\"font-family: arial, helvetica, sans-serif;\">2015<\/span><\/td>\n<td style=\"height: 21px;\" width=\"139\"><span style=\"font-family: arial, helvetica, sans-serif;\">Miro Mehremic<\/span><\/td>\n<\/tr>\n<tr style=\"height: 21px;\">\n<td style=\"height: 21px;\" width=\"35\"><span style=\"font-family: arial, helvetica, sans-serif;\">2014<\/span><\/td>\n<td style=\"height: 21px;\" width=\"139\"><span style=\"font-family: arial, helvetica, sans-serif;\">Roel Robbers<\/span><\/td>\n<\/tr>\n<tr style=\"height: 21px;\">\n<td style=\"height: 21px;\" width=\"35\"><span style=\"font-family: arial, helvetica, sans-serif;\">2013<\/span><\/td>\n<td style=\"height: 21px;\" width=\"139\"><span style=\"font-family: arial, helvetica, sans-serif;\">Andreas Hein<\/span><\/td>\n<\/tr>\n<tr style=\"height: 21px;\">\n<td style=\"height: 21px;\" width=\"35\"><span style=\"font-family: arial, helvetica, sans-serif;\">2012<\/span><\/td>\n<td style=\"height: 21px;\" width=\"139\"><span style=\"font-family: arial, helvetica, sans-serif;\">J\u00fcrgen Jan\u00dfen<\/span><\/td>\n<\/tr>\n<tr style=\"height: 21px;\">\n<td style=\"height: 21px;\" width=\"35\"><span style=\"font-family: arial, helvetica, sans-serif;\">2011<\/span><\/td>\n<td style=\"height: 21px;\" width=\"139\"><span style=\"font-family: arial, helvetica, sans-serif;\">Andreas Brolle<\/span><\/td>\n<\/tr>\n<tr style=\"height: 21px;\">\n<td style=\"height: 21px;\" width=\"35\"><span style=\"font-family: arial, helvetica, sans-serif;\">2010<\/span><\/td>\n<td style=\"height: 21px;\" width=\"139\"><span style=\"font-family: arial, helvetica, sans-serif;\">Klaus Schneck<\/span><\/td>\n<\/tr>\n<tr style=\"height: 21px;\">\n<td style=\"height: 21px;\" width=\"35\"><span style=\"font-family: arial, helvetica, sans-serif;\">2009<\/span><\/td>\n<td style=\"height: 21px;\" width=\"139\"><span style=\"font-family: arial, helvetica, sans-serif;\">*<\/span><\/td>\n<\/tr>\n<tr style=\"height: 21px;\">\n<td style=\"height: 21px;\" width=\"35\"><span style=\"font-family: arial, helvetica, sans-serif;\">2008<\/span><\/td>\n<td style=\"height: 21px;\" width=\"139\"><span style=\"font-family: arial, helvetica, sans-serif;\">Johannes Arentz<\/span><\/td>\n<\/tr>\n<tr style=\"height: 21px;\">\n<td style=\"height: 21px;\" width=\"35\"><span style=\"font-family: arial, helvetica, sans-serif;\">2007<\/span><\/td>\n<td style=\"height: 21px;\" width=\"139\"><span style=\"font-family: arial, helvetica, sans-serif;\">Klaus-Peter Ueffing<\/span><\/td>\n<\/tr>\n<tr style=\"height: 21px;\">\n<td style=\"height: 21px;\" width=\"35\"><span style=\"font-family: arial, helvetica, sans-serif;\">2006<\/span><\/td>\n<td style=\"height: 21px;\" width=\"139\"><span style=\"font-family: arial, helvetica, sans-serif;\">Gerd Schleuter<\/span><\/td>\n<\/tr>\n<tr style=\"height: 21px;\">\n<td style=\"height: 21px;\" width=\"35\"><span style=\"font-family: arial, helvetica, sans-serif;\">2005<\/span><\/td>\n<td style=\"height: 21px;\" width=\"139\"><span style=\"font-family: arial, helvetica, sans-serif;\">Heinz-J\u00fcrgen Sch\u00f6ter<\/span><\/td>\n<\/tr>\n<tr style=\"height: 21px;\">\n<td style=\"height: 21px;\" width=\"35\"><span style=\"font-family: arial, helvetica, sans-serif;\">2004<\/span><\/td>\n<td style=\"height: 21px;\" width=\"139\"><span style=\"font-family: arial, helvetica, sans-serif;\">*<\/span><\/td>\n<\/tr>\n<tr style=\"height: 21px;\">\n<td style=\"height: 21px;\" width=\"35\"><span style=\"font-family: arial, helvetica, sans-serif;\">2003<\/span><\/td>\n<td style=\"height: 21px;\" width=\"139\"><span style=\"font-family: arial, helvetica, sans-serif;\">Willi Arendsen<\/span><\/td>\n<\/tr>\n<tr style=\"height: 21px;\">\n<td style=\"height: 21px;\" width=\"35\"><span style=\"font-family: arial, helvetica, sans-serif;\">2002<\/span><\/td>\n<td style=\"height: 21px;\" width=\"139\"><span style=\"font-family: arial, helvetica, sans-serif;\">Norbert Lockmann<\/span><\/td>\n<\/tr>\n<tr style=\"height: 21px;\">\n<td style=\"height: 21px;\" width=\"35\"><span style=\"font-family: arial, helvetica, sans-serif;\">2001<\/span><\/td>\n<td style=\"height: 21px;\" width=\"139\"><span style=\"font-family: arial, helvetica, sans-serif;\">Sven Kn\u00e4pper<\/span><\/td>\n<\/tr>\n<tr style=\"height: 21px;\">\n<td style=\"height: 21px;\" width=\"35\"><span style=\"font-family: arial, helvetica, sans-serif;\">2000<\/span><\/td>\n<td style=\"height: 21px;\" width=\"139\"><span style=\"font-family: arial, helvetica, sans-serif;\">Thomas Sommer<\/span><\/td>\n<\/tr>\n<tr style=\"height: 21px;\">\n<td style=\"height: 21px;\" width=\"35\"><span style=\"font-family: arial, helvetica, sans-serif;\">1999<\/span><\/td>\n<td style=\"height: 21px;\" width=\"139\"><span style=\"font-family: arial, helvetica, sans-serif;\">*<\/span><\/td>\n<\/tr>\n<tr style=\"height: 21px;\">\n<td style=\"height: 21px;\" width=\"35\"><span style=\"font-family: arial, helvetica, sans-serif;\">1998<\/span><\/td>\n<td style=\"height: 21px;\" width=\"139\"><span style=\"font-family: arial, helvetica, sans-serif;\">Thomas Volbracht<\/span><\/td>\n<\/tr>\n<tr style=\"height: 21px;\">\n<td style=\"height: 21px;\" width=\"35\"><span style=\"font-family: arial, helvetica, sans-serif;\">1997<\/span><\/td>\n<td style=\"height: 21px;\" width=\"139\"><span style=\"font-family: arial, helvetica, sans-serif;\">Kappi van Tilburg<\/span><\/td>\n<\/tr>\n<tr style=\"height: 21px;\">\n<td style=\"height: 21px;\" width=\"35\"><span style=\"font-family: arial, helvetica, sans-serif;\">1995<\/span><\/td>\n<td style=\"height: 21px;\" width=\"139\"><span style=\"font-family: arial, helvetica, sans-serif;\">Rainer Trometer<\/span><\/td>\n<\/tr>\n<tr style=\"height: 21px;\">\n<td style=\"height: 21px;\" width=\"35\"><span style=\"font-family: arial, helvetica, sans-serif;\">1994<\/span><\/td>\n<td style=\"height: 21px;\" width=\"139\"><span style=\"font-family: arial, helvetica, sans-serif;\">Gerry G\u00f6rtzen<\/span><\/td>\n<\/tr>\n<tr style=\"height: 21px;\">\n<td style=\"height: 21px;\" width=\"35\"><span style=\"font-family: arial, helvetica, sans-serif;\">1993<\/span><\/td>\n<td style=\"height: 21px;\" width=\"139\"><span style=\"font-family: arial, helvetica, sans-serif;\">Ralf Pohle<\/span><\/td>\n<\/tr>\n<tr style=\"height: 21px;\">\n<td style=\"height: 21px;\" width=\"35\"><span style=\"font-family: arial, helvetica, sans-serif;\">1992<\/span><\/td>\n<td style=\"height: 21px;\" width=\"139\"><span style=\"font-family: arial, helvetica, sans-serif;\">Wolfgang Br\u00fccken<\/span><\/td>\n<\/tr>\n<tr style=\"height: 21px;\">\n<td style=\"height: 21px;\" width=\"35\"><span style=\"font-family: arial, helvetica, sans-serif;\">1991<\/span><\/td>\n<td style=\"height: 21px;\" width=\"139\"><span style=\"font-family: arial, helvetica, sans-serif;\">J\u00fcrgen Maienberg<\/span><\/td>\n<\/tr>\n<tr style=\"height: 21px;\">\n<td style=\"height: 21px;\" width=\"35\"><span style=\"font-family: arial, helvetica, sans-serif;\">1990<\/span><\/td>\n<td style=\"height: 21px;\" width=\"139\"><span style=\"font-family: arial, helvetica, sans-serif;\">Willy Ruiter<\/span><\/td>\n<\/tr>\n<tr style=\"height: 21px;\">\n<td style=\"height: 21px;\" width=\"35\"><span style=\"font-family: arial, helvetica, sans-serif;\">1989<\/span><\/td>\n<td style=\"height: 21px;\" width=\"139\"><span style=\"font-family: arial, helvetica, sans-serif;\">Peter Arendsen<\/span><\/td>\n<\/tr>\n<tr style=\"height: 21px;\">\n<td style=\"height: 21px;\" width=\"35\"><span style=\"font-family: arial, helvetica, sans-serif;\">1988<\/span><\/td>\n<td style=\"height: 21px;\" width=\"139\"><span style=\"font-family: arial, helvetica, sans-serif;\">Johannes M\u00f6llmann<\/span><\/td>\n<\/tr>\n<tr style=\"height: 21px;\">\n<td style=\"height: 21px;\" width=\"35\"><span style=\"font-family: arial, helvetica, sans-serif;\">1986<\/span><\/td>\n<td style=\"height: 21px;\" width=\"139\"><span style=\"font-family: arial, helvetica, sans-serif;\">J\u00fcrgen Wesendonk<\/span><\/td>\n<\/tr>\n<tr style=\"height: 21px;\">\n<td style=\"height: 21px;\" width=\"35\"><span style=\"font-family: arial, helvetica, sans-serif;\">1985<\/span><\/td>\n<td style=\"height: 21px;\" width=\"139\"><span style=\"font-family: arial, helvetica, sans-serif;\">Dieter Hausst\u00e4tter<\/span><\/td>\n<\/tr>\n<tr style=\"height: 21px;\">\n<td style=\"height: 21px;\" width=\"35\"><span style=\"font-family: arial, helvetica, sans-serif;\">1981<\/span><\/td>\n<td style=\"height: 21px;\" width=\"139\"><span style=\"font-family: arial, helvetica, sans-serif;\">Alex Gertsen<\/span><\/td>\n<\/tr>\n<tr style=\"height: 21px;\">\n<td style=\"height: 21px;\" width=\"35\"><span style=\"font-family: arial, helvetica, sans-serif;\">1980<\/span><\/td>\n<td style=\"height: 21px;\" width=\"139\"><span style=\"font-family: arial, helvetica, sans-serif;\">Udo Volbracht<\/span><\/td>\n<\/tr>\n<tr style=\"height: 21px;\">\n<td style=\"height: 21px;\" width=\"35\"><span style=\"font-family: arial, helvetica, sans-serif;\">1979<\/span><\/td>\n<td style=\"height: 21px;\" width=\"139\"><span style=\"font-family: arial, helvetica, sans-serif;\">Conny Terhorst<\/span><\/td>\n<\/tr>\n<tr style=\"height: 21px;\">\n<td style=\"height: 21px;\" width=\"35\"><span style=\"font-family: arial, helvetica, sans-serif;\">1978<\/span><\/td>\n<td style=\"height: 21px;\" width=\"139\"><span style=\"font-family: arial, helvetica, sans-serif;\">Werner Keim<\/span><\/td>\n<\/tr>\n<tr style=\"height: 21px;\">\n<td style=\"height: 21px;\" width=\"35\"><span style=\"font-family: arial, helvetica, sans-serif;\">1977<\/span><\/td>\n<td style=\"height: 21px;\" width=\"139\"><span style=\"font-family: arial, helvetica, sans-serif;\">Karl-Heinz M\u00f6llmann<\/span><\/td>\n<\/tr>\n<tr style=\"height: 21px;\">\n<td style=\"height: 21px;\" width=\"35\"><span style=\"font-family: arial, helvetica, sans-serif;\">1973<\/span><\/td>\n<td style=\"height: 21px;\" width=\"139\"><span style=\"font-family: arial, helvetica, sans-serif;\">Alfred Helmes<\/span><\/td>\n<\/tr>\n<tr style=\"height: 21px;\">\n<td style=\"height: 21px;\" width=\"35\"><span style=\"font-family: arial, helvetica, sans-serif;\">1972<\/span><\/td>\n<td style=\"height: 21px;\" width=\"139\"><span style=\"font-family: arial, helvetica, sans-serif;\">Dieter Westerhoff<\/span><\/td>\n<\/tr>\n<tr style=\"height: 21px;\">\n<td style=\"height: 21px;\" width=\"35\"><span style=\"font-family: arial, helvetica, sans-serif;\">1971<\/span><\/td>\n<td style=\"height: 21px;\" width=\"139\"><span style=\"font-family: arial, helvetica, sans-serif;\">Heinz Peters<\/span><\/td>\n<\/tr>\n<tr style=\"height: 21px;\">\n<td style=\"height: 21px;\" width=\"35\"><span style=\"font-family: arial, helvetica, sans-serif;\">1970<\/span><\/td>\n<td style=\"height: 21px;\" width=\"139\"><span style=\"font-family: arial, helvetica, sans-serif;\">*<\/span><\/td>\n<\/tr>\n<\/tbody>\n<\/table>\n<p><\/p>\n","protected":false},"excerpt":{"rendered":"<p>Eigentlich gibt es den \u201cClub der Vizek\u00f6nige\u201d gar nicht offiziell in unserem Verein: \u201cE I G E N T L I C H\u201d Der \u201cClub der Vizek\u00f6nige\u201d wurde aus der Not geboren. Unseren Vogelbauern n\u00e4mlich, zimmern zum Sch\u00fctzenfestmontag (immerhin Fr\u00fchschoppen!)<\/p>\n","protected":false},"author":1,"featured_media":0,"parent":42,"menu_order":2,"comment_status":"closed","ping_status":"closed","template":"","meta":{"footnotes":"","_links_to":"","_links_to_target":""},"class_list":["post-46","page","type-page","status-publish","hentry"],"_links":{"self":[{"href":"https:\/\/bsv-rees-feldmark.de\/index.php?rest_route=\/wp\/v2\/pages\/46","targetHints":{"allow":["GET"]}}],"collection":[{"href":"https:\/\/bsv-rees-feldmark.de\/index.php?rest_route=\/wp\/v2\/pages"}],"about":[{"href":"https:\/\/bsv-rees-feldmark.de\/index.php?rest_route=\/wp\/v2\/types\/page"}],"author":[{"embeddable":true,"href":"https:\/\/bsv-rees-feldmark.de\/index.php?rest_route=\/wp\/v2\/users\/1"}],"replies":[{"embeddable":true,"href":"https:\/\/bsv-rees-feldmark.de\/index.php?rest_route=%2Fwp%2Fv2%2Fcomments&post=46"}],"version-history":[{"count":17,"href":"https:\/\/bsv-rees-feldmark.de\/index.php?rest_route=\/wp\/v2\/pages\/46\/revisions"}],"predecessor-version":[{"id":3007,"href":"https:\/\/bsv-rees-feldmark.de\/index.php?rest_route=\/wp\/v2\/pages\/46\/revisions\/3007"}],"up":[{"embeddable":true,"href":"https:\/\/bsv-rees-feldmark.de\/index.php?rest_route=\/wp\/v2\/pages\/42"}],"wp:attachment":[{"href":"https:\/\/bsv-rees-feldmark.de\/index.php?rest_route=%2Fwp%2Fv2%2Fmedia&parent=46"}],"curies":[{"name":"wp","href":"https:\/\/api.w.org\/{rel}","templated":true}]}}