{"id":40,"date":"2016-06-02T10:17:05","date_gmt":"2016-06-02T10:17:05","guid":{"rendered":"http:\/\/bsv-rees-feldmark.de\/?page_id=40"},"modified":"2026-04-06T12:02:44","modified_gmt":"2026-04-06T11:02:44","slug":"die-freischuetz-kompanie-aus-lohausen","status":"publish","type":"page","link":"https:\/\/bsv-rees-feldmark.de\/?page_id=40","title":{"rendered":"Die Freisch\u00fctz-Kompanie aus Lohausen"},"content":{"rendered":"\n<figure class=\"wp-block-image size-large\"><img loading=\"lazy\" decoding=\"async\" width=\"1024\" height=\"744\" src=\"https:\/\/bsv-rees-feldmark.de\/wp-content\/uploads\/2026\/04\/FK-08-2025-IMG_2319-1024x744.jpg\" alt=\"\" class=\"wp-image-3135\" srcset=\"https:\/\/bsv-rees-feldmark.de\/wp-content\/uploads\/2026\/04\/FK-08-2025-IMG_2319-1024x744.jpg 1024w, https:\/\/bsv-rees-feldmark.de\/wp-content\/uploads\/2026\/04\/FK-08-2025-IMG_2319-300x218.jpg 300w, https:\/\/bsv-rees-feldmark.de\/wp-content\/uploads\/2026\/04\/FK-08-2025-IMG_2319-768x558.jpg 768w, https:\/\/bsv-rees-feldmark.de\/wp-content\/uploads\/2026\/04\/FK-08-2025-IMG_2319-1536x1117.jpg 1536w, https:\/\/bsv-rees-feldmark.de\/wp-content\/uploads\/2026\/04\/FK-08-2025-IMG_2319-2048x1489.jpg 2048w\" sizes=\"auto, (max-width: 1024px) 100vw, 1024px\" \/><\/figure>\n\n\n<p style=\"font-weight: 400;\"><strong>Infos zur Freisch\u00fctz-Kompanie Lohausen von 1927 e.V.:<\/strong><\/p>\n<p style=\"font-weight: 400;\">Die Freisch\u00fctz-Kompanie Lohausen wurde 1927 gegr\u00fcndet und ist Mitglied der St. Sebastianus Sch\u00fctzenbruderschaft D\u00fcsseldorf Lohausen von 1849 e.V.<\/p>\n<p style=\"font-weight: 400;\">Die Kompanie besteht aktuell aus 32 aktiven und 53 passiven Mitgliedern. <br \/>Das j\u00e4hrliche Sch\u00fctzenfest findet immer am 15. August (Fest Maria Himmelfahrt) oder an dem darauffolgenden Wochenende statt.<\/p>\n<p style=\"font-weight: 400;\">Wir betreiben keine eigene Homepage, sind aber unter <a href=\"http:\/\/www.bruderschaft-lohausen.com\/\">www.bruderschaft-lohausen.com<\/a> und Instagram freischuetz_lohausen zu finden\ud83d\ude0a<\/p>\n\n\n<p><\/p>\n","protected":false},"excerpt":{"rendered":"<p>Infos zur Freisch\u00fctz-Kompanie Lohausen von 1927 e.V.: Die Freisch\u00fctz-Kompanie Lohausen wurde 1927 gegr\u00fcndet und ist Mitglied der St. Sebastianus Sch\u00fctzenbruderschaft D\u00fcsseldorf Lohausen von 1849 e.V. Die Kompanie besteht aktuell aus 32 aktiven und 53 passiven Mitgliedern. Das j\u00e4hrliche Sch\u00fctzenfest findet<\/p>\n","protected":false},"author":1,"featured_media":94,"parent":30,"menu_order":5,"comment_status":"closed","ping_status":"closed","template":"","meta":{"footnotes":"","_links_to":"","_links_to_target":""},"class_list":["post-40","page","type-page","status-publish","has-post-thumbnail","hentry"],"_links":{"self":[{"href":"https:\/\/bsv-rees-feldmark.de\/index.php?rest_route=\/wp\/v2\/pages\/40","targetHints":{"allow":["GET"]}}],"collection":[{"href":"https:\/\/bsv-rees-feldmark.de\/index.php?rest_route=\/wp\/v2\/pages"}],"about":[{"href":"https:\/\/bsv-rees-feldmark.de\/index.php?rest_route=\/wp\/v2\/types\/page"}],"author":[{"embeddable":true,"href":"https:\/\/bsv-rees-feldmark.de\/index.php?rest_route=\/wp\/v2\/users\/1"}],"replies":[{"embeddable":true,"href":"https:\/\/bsv-rees-feldmark.de\/index.php?rest_route=%2Fwp%2Fv2%2Fcomments&post=40"}],"version-history":[{"count":7,"href":"https:\/\/bsv-rees-feldmark.de\/index.php?rest_route=\/wp\/v2\/pages\/40\/revisions"}],"predecessor-version":[{"id":3140,"href":"https:\/\/bsv-rees-feldmark.de\/index.php?rest_route=\/wp\/v2\/pages\/40\/revisions\/3140"}],"up":[{"embeddable":true,"href":"https:\/\/bsv-rees-feldmark.de\/index.php?rest_route=\/wp\/v2\/pages\/30"}],"wp:featuredmedia":[{"embeddable":true,"href":"https:\/\/bsv-rees-feldmark.de\/index.php?rest_route=\/wp\/v2\/media\/94"}],"wp:attachment":[{"href":"https:\/\/bsv-rees-feldmark.de\/index.php?rest_route=%2Fwp%2Fv2%2Fmedia&parent=40"}],"curies":[{"name":"wp","href":"https:\/\/api.w.org\/{rel}","templated":true}]}}