{"id":30,"date":"2016-06-02T10:15:09","date_gmt":"2016-06-02T10:15:09","guid":{"rendered":"http:\/\/bsv-rees-feldmark.de\/?page_id=30"},"modified":"2019-12-29T15:58:19","modified_gmt":"2019-12-29T15:58:19","slug":"historie","status":"publish","type":"page","link":"https:\/\/bsv-rees-feldmark.de\/?page_id=30","title":{"rendered":"Historie"},"content":{"rendered":"<p><span style=\"font-family: arial, helvetica, sans-serif;\">In der Rubrik Historie findet Ihr nun auf den folgende Themen:<\/span><\/p>\n<ul>\n<li><span style=\"font-family: arial, helvetica, sans-serif;\">Aus der Geschichte<\/span><\/li>\n<li><span style=\"font-family: arial, helvetica, sans-serif;\">Die fr\u00fcheren Reeser Sch\u00fctzengilden<\/span><\/li>\n<li><span style=\"font-family: arial, helvetica, sans-serif;\">Gr\u00fcndungsprotokoll<\/span><\/li>\n<li><span style=\"font-family: arial, helvetica, sans-serif;\">Der Musikverein Germaringen<\/span><\/li>\n<li><span style=\"font-family: arial, helvetica, sans-serif;\">Die Freisch\u00fctz-Kompanie aus Lohausen<\/span><\/li>\n<\/ul>\n<p><span style=\"font-family: arial, helvetica, sans-serif;\">Viel Spa\u00df beim durchlesen w\u00fcnscht der BSV.<\/span><\/p>\n","protected":false},"excerpt":{"rendered":"<p>In der Rubrik Historie findet Ihr nun auf den folgende Themen: Aus der Geschichte Die fr\u00fcheren Reeser Sch\u00fctzengilden Gr\u00fcndungsprotokoll Der Musikverein Germaringen Die Freisch\u00fctz-Kompanie aus Lohausen Viel Spa\u00df beim durchlesen w\u00fcnscht der BSV.<\/p>\n","protected":false},"author":1,"featured_media":0,"parent":0,"menu_order":2,"comment_status":"closed","ping_status":"closed","template":"","meta":{"footnotes":"","_links_to":"","_links_to_target":""},"class_list":["post-30","page","type-page","status-publish","hentry"],"_links":{"self":[{"href":"https:\/\/bsv-rees-feldmark.de\/index.php?rest_route=\/wp\/v2\/pages\/30","targetHints":{"allow":["GET"]}}],"collection":[{"href":"https:\/\/bsv-rees-feldmark.de\/index.php?rest_route=\/wp\/v2\/pages"}],"about":[{"href":"https:\/\/bsv-rees-feldmark.de\/index.php?rest_route=\/wp\/v2\/types\/page"}],"author":[{"embeddable":true,"href":"https:\/\/bsv-rees-feldmark.de\/index.php?rest_route=\/wp\/v2\/users\/1"}],"replies":[{"embeddable":true,"href":"https:\/\/bsv-rees-feldmark.de\/index.php?rest_route=%2Fwp%2Fv2%2Fcomments&post=30"}],"version-history":[{"count":6,"href":"https:\/\/bsv-rees-feldmark.de\/index.php?rest_route=\/wp\/v2\/pages\/30\/revisions"}],"predecessor-version":[{"id":2117,"href":"https:\/\/bsv-rees-feldmark.de\/index.php?rest_route=\/wp\/v2\/pages\/30\/revisions\/2117"}],"wp:attachment":[{"href":"https:\/\/bsv-rees-feldmark.de\/index.php?rest_route=%2Fwp%2Fv2%2Fmedia&parent=30"}],"curies":[{"name":"wp","href":"https:\/\/api.w.org\/{rel}","templated":true}]}}