{"id":24,"date":"2016-06-02T10:13:54","date_gmt":"2016-06-02T10:13:54","guid":{"rendered":"http:\/\/bsv-rees-feldmark.de\/?page_id=24"},"modified":"2026-01-25T19:18:58","modified_gmt":"2026-01-25T18:18:58","slug":"damenzug","status":"publish","type":"page","link":"https:\/\/bsv-rees-feldmark.de\/?page_id=24","title":{"rendered":"Damenzug"},"content":{"rendered":"<p><span style=\"font-family: arial, helvetica, sans-serif;\">Der aktuelle Vorstand des Frauenzuges setzt sich wie folgt zusammen:<\/span><\/p>\n<table style=\"border-collapse: collapse; width: 100%;\" border=\"1\">\n<tbody>\n<tr>\n<td style=\"width: 50%;\"><span style=\"font-family: arial, helvetica, sans-serif;\"><strong>Zugf\u00fchrerin\u00a0<\/strong><\/span><br \/>\n<span style=\"font-family: arial, helvetica, sans-serif;\">Annkatrin Braem<br \/>\nHelmut-Liesegang-Str. 4<br \/>\n46459 Rees<br \/>\n<\/span><\/td>\n<td style=\"width: 50%;\"><span style=\"font-family: arial, helvetica, sans-serif;\"><strong>stv. Zugf\u00fchrerin\u00a0<\/strong><\/span><br \/>\n<span style=\"font-family: arial, helvetica, sans-serif;\">Monika Pohle<\/span><br \/>\n<span style=\"font-family: arial, helvetica, sans-serif;\">Adlerstr. 7<\/span><br \/>\n<span style=\"font-family: arial, helvetica, sans-serif;\">46459 Rees<\/span><\/td>\n<\/tr>\n<tr>\n<td style=\"width: 50%;\"><span style=\"font-family: arial, helvetica, sans-serif;\"><strong>Gesch\u00e4ftsf\u00fchrerin<\/strong><\/span><br \/>\n<span style=\"font-family: arial, helvetica, sans-serif;\">Kristin Mai<\/span><\/td>\n<td style=\"width: 50%;\"><span style=\"font-family: arial, helvetica, sans-serif;\"><strong>stv. Gesch\u00e4ftsf\u00fchrerin<\/strong><\/span><br \/>\n<span style=\"font-family: arial, helvetica, sans-serif;\">Lea Pietersma<br \/>\nDammweg 2<br \/>\n46459 Rees<\/span><\/td>\n<\/tr>\n<tr>\n<td style=\"width: 50%;\"><span style=\"font-family: arial, helvetica, sans-serif;\"><strong>Kassiererin<br \/>\n<\/strong>Stefanie Drommelschmidt-Langert<br \/>\nFallstra\u00dfe 22<br \/>\n46459 Rees<\/span><\/td>\n<td style=\"width: 50%;\"><span style=\"font-family: arial, helvetica, sans-serif;\"><strong>Kassiererin<br \/>\n<\/strong>Christiane Wynhoven<br \/>\nEmpeler Str. 80<br \/>\n46459 Rees<\/span><\/td>\n<\/tr>\n<tr>\n<td style=\"width: 50%;\"><span style=\"font-family: arial, helvetica, sans-serif;\"><strong>Kassiererin<\/strong><\/span><br \/>\n<span style=\"font-family: arial, helvetica, sans-serif;\">Anna Gammerschlag<\/span><br \/>\n<span style=\"font-family: arial, helvetica, sans-serif;\">Robert-Koch-Str. 26<\/span><br \/>\n<span style=\"font-family: arial, helvetica, sans-serif;\">46459 Rees<\/span><\/td>\n<td style=\"width: 50%;\"><\/td>\n<\/tr>\n<\/tbody>\n<\/table>\n<p><\/p>\n","protected":false},"excerpt":{"rendered":"<p>Der aktuelle Vorstand des Frauenzuges setzt sich wie folgt zusammen: Zugf\u00fchrerin\u00a0 Annkatrin Braem Helmut-Liesegang-Str. 4 46459 Rees stv. Zugf\u00fchrerin\u00a0 Monika Pohle Adlerstr. 7 46459 Rees Gesch\u00e4ftsf\u00fchrerin Kristin Mai stv. Gesch\u00e4ftsf\u00fchrerin Lea Pietersma Dammweg 2 46459 Rees Kassiererin Stefanie Drommelschmidt-Langert Fallstra\u00dfe<\/p>\n","protected":false},"author":1,"featured_media":0,"parent":8,"menu_order":8,"comment_status":"closed","ping_status":"closed","template":"","meta":{"footnotes":"","_links_to":"","_links_to_target":""},"class_list":["post-24","page","type-page","status-publish","hentry"],"_links":{"self":[{"href":"https:\/\/bsv-rees-feldmark.de\/index.php?rest_route=\/wp\/v2\/pages\/24","targetHints":{"allow":["GET"]}}],"collection":[{"href":"https:\/\/bsv-rees-feldmark.de\/index.php?rest_route=\/wp\/v2\/pages"}],"about":[{"href":"https:\/\/bsv-rees-feldmark.de\/index.php?rest_route=\/wp\/v2\/types\/page"}],"author":[{"embeddable":true,"href":"https:\/\/bsv-rees-feldmark.de\/index.php?rest_route=\/wp\/v2\/users\/1"}],"replies":[{"embeddable":true,"href":"https:\/\/bsv-rees-feldmark.de\/index.php?rest_route=%2Fwp%2Fv2%2Fcomments&post=24"}],"version-history":[{"count":13,"href":"https:\/\/bsv-rees-feldmark.de\/index.php?rest_route=\/wp\/v2\/pages\/24\/revisions"}],"predecessor-version":[{"id":3111,"href":"https:\/\/bsv-rees-feldmark.de\/index.php?rest_route=\/wp\/v2\/pages\/24\/revisions\/3111"}],"up":[{"embeddable":true,"href":"https:\/\/bsv-rees-feldmark.de\/index.php?rest_route=\/wp\/v2\/pages\/8"}],"wp:attachment":[{"href":"https:\/\/bsv-rees-feldmark.de\/index.php?rest_route=%2Fwp%2Fv2%2Fmedia&parent=24"}],"curies":[{"name":"wp","href":"https:\/\/api.w.org\/{rel}","templated":true}]}}