{"id":18,"date":"2016-06-02T10:12:56","date_gmt":"2016-06-02T10:12:56","guid":{"rendered":"http:\/\/bsv-rees-feldmark.de\/?page_id=18"},"modified":"2025-11-01T13:53:06","modified_gmt":"2025-11-01T12:53:06","slug":"3-zug","status":"publish","type":"page","link":"https:\/\/bsv-rees-feldmark.de\/?page_id=18","title":{"rendered":"3. Zug"},"content":{"rendered":"<p><span style=\"font-family: arial, helvetica, sans-serif;\">Der aktuelle Vorstand des 3. Zuges setzt sich wie folgt zusammen:<\/span><\/p>\n<table style=\"border-collapse: collapse; width: 100%;\" border=\"1\">\n<tbody>\n<tr>\n<td style=\"width: 50%;\"><span style=\"font-family: arial, helvetica, sans-serif;\"><strong>Zugf\u00fchrer<br \/>\n<\/strong>Sascha Hermsen<br \/>\nDammweg 2<br \/>\n46459 Rees-Esserden<\/span><\/td>\n<td style=\"width: 50%;\"><span style=\"font-family: arial, helvetica, sans-serif;\"><strong>stv. Zugf\u00fchrer<br \/>\n<\/strong>Jens Porten<br \/>\nPiet-Leysing-Str. 7<br \/>\n46459 Rees<\/span><\/td>\n<\/tr>\n<tr>\n<td style=\"width: 50%;\"><span style=\"font-family: arial, helvetica, sans-serif;\"><strong>Schriftf\u00fchrer<br \/>\n<\/strong>Jan Boland<br \/>\nGroiner Kirchweg 21<br \/>\n46459 Rees<\/span><\/td>\n<td style=\"width: 50%;\"><span style=\"font-family: arial, helvetica, sans-serif;\"><strong>Kassierer<br \/>\n<\/strong>Jens Porten<br \/>\nPiet-Leysing-Str. 7<br \/>\n46459 Rees<\/span><\/td>\n<\/tr>\n<tr>\n<td style=\"width: 50%;\"><span style=\"font-family: arial, helvetica, sans-serif;\"><strong>stv. Kassierer<br \/>\n<\/strong>Sascha Hermsen<br \/>\nDammweg 2<br \/>\n46459 Rees-Esserden<\/span><\/td>\n<td style=\"width: 50%;\"><span style=\"font-family: arial, helvetica, sans-serif;\"><strong>Fahnentr\u00e4ger<\/strong><br \/>\nAndr\u00e9 Vos<br \/>\nWeseler Str. 5<br \/>\n46459 Rees<\/span><\/td>\n<\/tr>\n<\/tbody>\n<\/table>\n<p><\/p>\n","protected":false},"excerpt":{"rendered":"<p>Der aktuelle Vorstand des 3. Zuges setzt sich wie folgt zusammen: Zugf\u00fchrer Sascha Hermsen Dammweg 2 46459 Rees-Esserden stv. Zugf\u00fchrer Jens Porten Piet-Leysing-Str. 7 46459 Rees Schriftf\u00fchrer Jan Boland Groiner Kirchweg 21 46459 Rees Kassierer Jens Porten Piet-Leysing-Str. 7 46459<\/p>\n","protected":false},"author":1,"featured_media":0,"parent":8,"menu_order":5,"comment_status":"closed","ping_status":"closed","template":"","meta":{"footnotes":"","_links_to":"","_links_to_target":""},"class_list":["post-18","page","type-page","status-publish","hentry"],"_links":{"self":[{"href":"https:\/\/bsv-rees-feldmark.de\/index.php?rest_route=\/wp\/v2\/pages\/18","targetHints":{"allow":["GET"]}}],"collection":[{"href":"https:\/\/bsv-rees-feldmark.de\/index.php?rest_route=\/wp\/v2\/pages"}],"about":[{"href":"https:\/\/bsv-rees-feldmark.de\/index.php?rest_route=\/wp\/v2\/types\/page"}],"author":[{"embeddable":true,"href":"https:\/\/bsv-rees-feldmark.de\/index.php?rest_route=\/wp\/v2\/users\/1"}],"replies":[{"embeddable":true,"href":"https:\/\/bsv-rees-feldmark.de\/index.php?rest_route=%2Fwp%2Fv2%2Fcomments&post=18"}],"version-history":[{"count":22,"href":"https:\/\/bsv-rees-feldmark.de\/index.php?rest_route=\/wp\/v2\/pages\/18\/revisions"}],"predecessor-version":[{"id":2992,"href":"https:\/\/bsv-rees-feldmark.de\/index.php?rest_route=\/wp\/v2\/pages\/18\/revisions\/2992"}],"up":[{"embeddable":true,"href":"https:\/\/bsv-rees-feldmark.de\/index.php?rest_route=\/wp\/v2\/pages\/8"}],"wp:attachment":[{"href":"https:\/\/bsv-rees-feldmark.de\/index.php?rest_route=%2Fwp%2Fv2%2Fmedia&parent=18"}],"curies":[{"name":"wp","href":"https:\/\/api.w.org\/{rel}","templated":true}]}}