{"id":1638,"date":"2019-01-22T20:03:24","date_gmt":"2019-01-22T20:03:24","guid":{"rendered":"http:\/\/bsv-rees-feldmark.de\/?page_id=1638"},"modified":"2025-11-19T21:19:03","modified_gmt":"2025-11-19T20:19:03","slug":"1638-2","status":"publish","type":"page","link":"https:\/\/bsv-rees-feldmark.de\/","title":{"rendered":"News"},"content":{"rendered":"<div class=\"pt-cv-wrapper\"><div class=\"pt-cv-view pt-cv-grid pt-cv-colsys\" id=\"pt-cv-view-b65b46f4zm\"><div data-id=\"pt-cv-page-1\" class=\"pt-cv-page\" data-cvc=\"3\"><div class=\"col-md-4 col-sm-6 col-xs-12 pt-cv-content-item pt-cv-1-col\" ><div class='pt-cv-ifield'><a href=\"https:\/\/bsv-rees-feldmark.de\/?p=3150\" class=\"_blank pt-cv-href-thumbnail pt-cv-thumb-default\" target=\"_blank\" ><img loading=\"lazy\" decoding=\"async\" width=\"390\" height=\"205\" src=\"https:\/\/bsv-rees-feldmark.de\/wp-content\/uploads\/2026\/04\/WhatsApp-Image-2026-04-19-at-14.57.30-1-390x205.jpeg\" class=\"pt-cv-thumbnail\" alt=\"\" srcset=\"https:\/\/bsv-rees-feldmark.de\/wp-content\/uploads\/2026\/04\/WhatsApp-Image-2026-04-19-at-14.57.30-1-390x205.jpeg 390w, https:\/\/bsv-rees-feldmark.de\/wp-content\/uploads\/2026\/04\/WhatsApp-Image-2026-04-19-at-14.57.30-1-300x159.jpeg 300w\" sizes=\"auto, (max-width: 390px) 100vw, 390px\" \/><\/a>\n<h4 class=\"pt-cv-title\"><a href=\"https:\/\/bsv-rees-feldmark.de\/?p=3150\" class=\"_blank\" target=\"_blank\" >Bezirksjungsch\u00fctzentag 2026 in Rees-Feldmark ein voller Erfolg<\/a><\/h4>\n<div class=\"pt-cv-content\">Rund 400 Teilnehmerinnen und Teilnehmer feierten am Samstag, den 18. April 2026, beim B\u00fcrgersch\u00fctzenverein Rees-Feldmark, Groin &amp; Bergswick einen rundum ...<br \/><div class=\"pt-cv-rmwrap\"><a href=\"https:\/\/bsv-rees-feldmark.de\/?p=3150\" class=\"_blank pt-cv-readmore btn btn-success\" target=\"_blank\">Weiterlesen \u2026<\/a><\/div><\/div><\/div><\/div>\n<div class=\"col-md-4 col-sm-6 col-xs-12 pt-cv-content-item pt-cv-1-col\" ><div class='pt-cv-ifield'><a href=\"https:\/\/bsv-rees-feldmark.de\/?p=3146\" class=\"_blank pt-cv-href-thumbnail pt-cv-thumb-default\" target=\"_blank\" ><img loading=\"lazy\" decoding=\"async\" width=\"390\" height=\"205\" src=\"https:\/\/bsv-rees-feldmark.de\/wp-content\/uploads\/2026\/02\/Flyer_Bezirksjungschuetzentag_2026-390x205.jpg\" class=\"pt-cv-thumbnail\" alt=\"\" \/><\/a>\n<h4 class=\"pt-cv-title\"><a href=\"https:\/\/bsv-rees-feldmark.de\/?p=3146\" class=\"_blank\" target=\"_blank\" >Bezirksjungsch\u00fctzentag 2026<\/a><\/h4>\n<div class=\"pt-cv-content\">Der BSV Rees-Feldmark, Groin und Bergswick e. V. richtet im Jahr 2026 den Bezirksjungsch\u00fctzentag in Rees aus. Unter dem Motto ...<br \/><div class=\"pt-cv-rmwrap\"><a href=\"https:\/\/bsv-rees-feldmark.de\/?p=3146\" class=\"_blank pt-cv-readmore btn btn-success\" target=\"_blank\">Weiterlesen \u2026<\/a><\/div><\/div><\/div><\/div>\n<div class=\"col-md-4 col-sm-6 col-xs-12 pt-cv-content-item pt-cv-1-col\" ><div class='pt-cv-ifield'><a href=\"https:\/\/bsv-rees-feldmark.de\/?p=3141\" class=\"_blank pt-cv-href-thumbnail pt-cv-thumb-default\" target=\"_blank\" ><img loading=\"lazy\" decoding=\"async\" width=\"390\" height=\"205\" src=\"https:\/\/bsv-rees-feldmark.de\/wp-content\/uploads\/2026\/04\/img_0435-390x205.jpg\" class=\"pt-cv-thumbnail\" alt=\"\" \/><\/a>\n<h4 class=\"pt-cv-title\"><a href=\"https:\/\/bsv-rees-feldmark.de\/?p=3141\" class=\"_blank\" target=\"_blank\" >Gelungene Premiere vom Oster-Treff<\/a><\/h4>\n<div class=\"pt-cv-content\">Am gestrigen Ostersonntag, den 5. April 2026, fand auf dem Sch\u00fctzenplatz an der Bergswicker Stra\u00dfe in Rees unser erster Feldmarker ...<br \/><div class=\"pt-cv-rmwrap\"><a href=\"https:\/\/bsv-rees-feldmark.de\/?p=3141\" class=\"_blank pt-cv-readmore btn btn-success\" target=\"_blank\">Weiterlesen \u2026<\/a><\/div><\/div><\/div><\/div>\n<div class=\"col-md-4 col-sm-6 col-xs-12 pt-cv-content-item pt-cv-1-col\" ><div class='pt-cv-ifield'><a href=\"https:\/\/bsv-rees-feldmark.de\/?p=3131\" class=\"_blank pt-cv-href-thumbnail pt-cv-thumb-default\" target=\"_blank\" ><img loading=\"lazy\" decoding=\"async\" width=\"390\" height=\"205\" src=\"https:\/\/bsv-rees-feldmark.de\/wp-content\/uploads\/2026\/04\/img_4943-1-390x205.png\" class=\"pt-cv-thumbnail\" alt=\"\" \/><\/a>\n<h4 class=\"pt-cv-title\"><a href=\"https:\/\/bsv-rees-feldmark.de\/?p=3131\" class=\"_blank\" target=\"_blank\" >Frohe Ostern<\/a><\/h4>\n<div class=\"pt-cv-content\">Frohe Ostern euch allen! \ud83d\udc30\ud83c\udf3c Wir w\u00fcnschen unseren Sch\u00fctzenbr\u00fcdern, -schwestern sowie allen Freunden und Unterst\u00fctzern entspannte Feiertage, viele sch\u00f6ne Momente ...<br \/><div class=\"pt-cv-rmwrap\"><a href=\"https:\/\/bsv-rees-feldmark.de\/?p=3131\" class=\"_blank pt-cv-readmore btn btn-success\" target=\"_blank\">Weiterlesen \u2026<\/a><\/div><\/div><\/div><\/div>\n<div class=\"col-md-4 col-sm-6 col-xs-12 pt-cv-content-item pt-cv-1-col\" ><div class='pt-cv-ifield'><a href=\"https:\/\/bsv-rees-feldmark.de\/?p=3126\" class=\"_blank pt-cv-href-thumbnail pt-cv-thumb-default\" target=\"_blank\" ><img loading=\"lazy\" decoding=\"async\" width=\"390\" height=\"205\" src=\"https:\/\/bsv-rees-feldmark.de\/wp-content\/uploads\/2026\/03\/WhatsApp-Image-2026-03-13-at-07.08.34-390x205.jpeg\" class=\"pt-cv-thumbnail\" alt=\"\" \/><\/a>\n<h4 class=\"pt-cv-title\"><a href=\"https:\/\/bsv-rees-feldmark.de\/?p=3126\" class=\"_blank\" target=\"_blank\" >Feldmarker Oster-Treff<\/a><\/h4>\n<div class=\"pt-cv-content\">Am Sonntag, den 5. April 2026, laden wir euch herzlich zu unserem Feldmarker Oster-Treff ein. Sch\u00fctzenplatz, Bergswicker Str., 46459 Rees ...<br \/><div class=\"pt-cv-rmwrap\"><a href=\"https:\/\/bsv-rees-feldmark.de\/?p=3126\" class=\"_blank pt-cv-readmore btn btn-success\" target=\"_blank\">Weiterlesen \u2026<\/a><\/div><\/div><\/div><\/div>\n<div class=\"col-md-4 col-sm-6 col-xs-12 pt-cv-content-item pt-cv-1-col\" ><div class='pt-cv-ifield'><a href=\"https:\/\/bsv-rees-feldmark.de\/?p=3098\" class=\"_blank pt-cv-href-thumbnail pt-cv-thumb-default\" target=\"_blank\" ><img loading=\"lazy\" decoding=\"async\" width=\"390\" height=\"205\" src=\"https:\/\/bsv-rees-feldmark.de\/wp-content\/uploads\/2026\/01\/2026-01-17_Event_3._Zug_2-390x205.jpeg\" class=\"pt-cv-thumbnail\" alt=\"\" \/><\/a>\n<h4 class=\"pt-cv-title\"><a href=\"https:\/\/bsv-rees-feldmark.de\/?p=3098\" class=\"_blank\" target=\"_blank\" >Generationen Kaffee und (Jung)Sch\u00fctzenspielen<\/a><\/h4>\n<div class=\"pt-cv-content\">In geselliger Runde trafen sich am Samstag, den 17. Januar 2026 Mitglieder des 3. Zuges und Mitglieder der Jungsch\u00fctzen im ...<br \/><div class=\"pt-cv-rmwrap\"><a href=\"https:\/\/bsv-rees-feldmark.de\/?p=3098\" class=\"_blank pt-cv-readmore btn btn-success\" target=\"_blank\">Weiterlesen \u2026<\/a><\/div><\/div><\/div><\/div><\/div><\/div>\n<div class=\" pt-cv-pagination-wrapper\"><ul class=\"pt-cv-pagination pt-cv-normal pagination\" data-totalpages=\"25\" data-currentpage=\"1\" data-sid=\"b65b46f4zm\" data-unid=\"\" data-isblock=\"\" data-postid=\"\"><li class=\"active\"><a href=\"#\">1<\/a><\/li>\n\t<li ><a class=\"\" href=\"https:\/\/bsv-rees-feldmark.de\/index.php\/?_page=2&#038;rest_route=%2Fwp%2Fv2%2Fpages%2F1638\">2<\/a><\/li>\n\t<li ><a class=\"\" href=\"https:\/\/bsv-rees-feldmark.de\/index.php\/?_page=3&#038;rest_route=%2Fwp%2Fv2%2Fpages%2F1638\">3<\/a><\/li>\n\t<li ><a href=\"#\">&hellip;<\/a><\/li>\n\t<li ><a class=\"\" href=\"https:\/\/bsv-rees-feldmark.de\/index.php\/?_page=25&#038;rest_route=%2Fwp%2Fv2%2Fpages%2F1638\">25<\/a><\/li>\n\t<li ><a class=\" \" href=\"https:\/\/bsv-rees-feldmark.de\/index.php\/?_page=2&#038;rest_route=%2Fwp%2Fv2%2Fpages%2F1638\">&rsaquo;<\/a><\/li>\n\t<\/ul><img loading=\"lazy\" decoding=\"async\" width=\"15\" height=\"15\" class=\"pt-cv-spinner\" alt=\"Wird geladen\u00a0\u2026\" src=\"data:image\/gif;base64,R0lGODlhDwAPALMPAMrKygwMDJOTkz09PZWVla+vr3p6euTk5M7OzuXl5TMzMwAAAJmZmWZmZszMzP\/\/\/yH\/C05FVFNDQVBFMi4wAwEAAAAh+QQFCgAPACwAAAAADwAPAAAEQvDJaZaZOIcV8iQK8VRX4iTYoAwZ4iCYoAjZ4RxejhVNoT+mRGP4cyF4Pp0N98sBGIBMEMOotl6YZ3S61Bmbkm4mAgAh+QQFCgAPACwAAAAADQANAAAENPDJSRSZeA418itN8QiK8BiLITVsFiyBBIoYqnoewAD4xPw9iY4XLGYSjkQR4UAUD45DLwIAIfkEBQoADwAsAAAAAA8ACQAABC\/wyVlamTi3nSdgwFNdhEJgTJoNyoB9ISYoQmdjiZPcj7EYCAeCF1gEDo4Dz2eIAAAh+QQFCgAPACwCAAAADQANAAAEM\/DJBxiYeLKdX3IJZT1FU0iIg2RNKx3OkZVnZ98ToRD4MyiDnkAh6BkNC0MvsAj0kMpHBAAh+QQFCgAPACwGAAAACQAPAAAEMDC59KpFDll73HkAA2wVY5KgiK5b0RRoI6MuzG6EQqCDMlSGheEhUAgqgUUAFRySIgAh+QQFCgAPACwCAAIADQANAAAEM\/DJKZNLND\/kkKaHc3xk+QAMYDKsiaqmZCxGVjSFFCxB1vwy2oOgIDxuucxAMTAJFAJNBAAh+QQFCgAPACwAAAYADwAJAAAEMNAs86q1yaWwwv2Ig0jUZx3OYa4XoRAfwADXoAwfo1+CIjyFRuEho60aSNYlOPxEAAAh+QQFCgAPACwAAAIADQANAAAENPA9s4y8+IUVcqaWJ4qEQozSoAzoIyhCK2NFU2SJk0hNnyEOhKR2AzAAj4Pj4GE4W0bkJQIAOw==\" \/><div class=\"clear pt-cv-clear-pagination\"><\/div><\/div><\/div>\n","protected":false},"excerpt":{"rendered":"","protected":false},"author":1,"featured_media":0,"parent":0,"menu_order":0,"comment_status":"closed","ping_status":"closed","template":"","meta":{"footnotes":"","_links_to":"","_links_to_target":""},"class_list":["post-1638","page","type-page","status-publish","hentry"],"_links":{"self":[{"href":"https:\/\/bsv-rees-feldmark.de\/index.php?rest_route=\/wp\/v2\/pages\/1638","targetHints":{"allow":["GET"]}}],"collection":[{"href":"https:\/\/bsv-rees-feldmark.de\/index.php?rest_route=\/wp\/v2\/pages"}],"about":[{"href":"https:\/\/bsv-rees-feldmark.de\/index.php?rest_route=\/wp\/v2\/types\/page"}],"author":[{"embeddable":true,"href":"https:\/\/bsv-rees-feldmark.de\/index.php?rest_route=\/wp\/v2\/users\/1"}],"replies":[{"embeddable":true,"href":"https:\/\/bsv-rees-feldmark.de\/index.php?rest_route=%2Fwp%2Fv2%2Fcomments&post=1638"}],"version-history":[{"count":7,"href":"https:\/\/bsv-rees-feldmark.de\/index.php?rest_route=\/wp\/v2\/pages\/1638\/revisions"}],"predecessor-version":[{"id":3027,"href":"https:\/\/bsv-rees-feldmark.de\/index.php?rest_route=\/wp\/v2\/pages\/1638\/revisions\/3027"}],"wp:attachment":[{"href":"https:\/\/bsv-rees-feldmark.de\/index.php?rest_route=%2Fwp%2Fv2%2Fmedia&parent=1638"}],"curies":[{"name":"wp","href":"https:\/\/api.w.org\/{rel}","templated":true}]}}