{"id":16,"date":"2016-06-02T10:12:43","date_gmt":"2016-06-02T10:12:43","guid":{"rendered":"http:\/\/bsv-rees-feldmark.de\/?page_id=16"},"modified":"2026-01-25T19:25:09","modified_gmt":"2026-01-25T18:25:09","slug":"2-zug","status":"publish","type":"page","link":"https:\/\/bsv-rees-feldmark.de\/?page_id=16","title":{"rendered":"2. Zug"},"content":{"rendered":"\n<p><span class=\"ff1\" style=\"font-family: arial, helvetica, sans-serif;\">Der aktuelle Vorstand des 2. Zuges setzt sich wie folgt zusammen:<\/span><\/p>\n\n\n\n<figure class=\"wp-block-table aligncenter\"><table class=\"has-fixed-layout\"><tbody><tr><td class=\"has-text-align-left\" data-align=\"left\"><span class=\"imul\" style=\"font-family: arial, helvetica, sans-serif;\"><b><strong>Zugf\u00fchrer <\/strong><\/b><\/span><br><span class=\"fs20\" style=\"font-family: arial, helvetica, sans-serif;\">Hans-J\u00f6rg Wynhoven<\/span><br><span class=\"fs20\" style=\"font-family: arial, helvetica, sans-serif;\">Empeler Str. 80<\/span><br><span class=\"fs20\" style=\"font-family: arial, helvetica, sans-serif;\">46459 Rees<br>Tel.: (02851) 2883<\/span><\/td><td class=\"has-text-align-left\" data-align=\"left\"><span style=\"font-family: arial, helvetica, sans-serif;\"><strong>stv. Zugf\u00fchrer<\/strong><\/span><br><span style=\"font-family: arial, helvetica, sans-serif;\">Gerd Schleuter<\/span><br><span style=\"font-family: arial, helvetica, sans-serif;\">Helmut-Liesegang-Str. 10<\/span><br><span style=\"font-family: arial, helvetica, sans-serif;\">46459 Rees<\/span><\/td><\/tr><tr><td class=\"has-text-align-left\" data-align=\"left\"><span class=\"imul\" style=\"font-family: arial, helvetica, sans-serif;\"><b><strong>Gesch\u00e4ftsf\u00fchrer<\/strong><\/b><\/span><br><span class=\"fs20\" style=\"font-family: arial, helvetica, sans-serif;\">Marco Koep<\/span><br><span class=\"fs20\" style=\"font-family: arial, helvetica, sans-serif;\">Anne-Frank-Str. 1<\/span><br><span class=\"fs20\" style=\"font-family: arial, helvetica, sans-serif;\">46459 Rees<\/span><br><span class=\"fs20\" style=\"font-family: arial, helvetica, sans-serif;\">E-Mail: 2.zug@bsv-rees-feldmark.de<\/span><\/td><td class=\"has-text-align-left\" data-align=\"left\"><span style=\"font-family: arial, helvetica, sans-serif;\"><strong>Kassierer<\/strong><\/span><br><span style=\"font-family: arial, helvetica, sans-serif;\">Nils Jonkhans<\/span><br><span style=\"font-family: arial, helvetica, sans-serif;\">Wannwicker Str. 6<\/span><br><span style=\"font-family: arial, helvetica, sans-serif;\">46459 Rees<\/span><\/td><\/tr><tr><td class=\"has-text-align-left\" data-align=\"left\"><span class=\"imul\" style=\"font-family: arial, helvetica, sans-serif;\"><b><strong>stv. Kassierer<\/strong><\/b><\/span><br><span style=\"font-family: arial, helvetica, sans-serif;\">Mario Wynhoven<\/span><br><span class=\"fs20\" style=\"font-family: arial, helvetica, sans-serif;\">Empeler Stra\u00dfe 77b<br>46459 Rees<\/span><\/td><td class=\"has-text-align-left\" data-align=\"left\"><span class=\"imul\" style=\"font-family: arial, helvetica, sans-serif;\"><b><strong>Fahnentr\u00e4ger<\/strong><\/b><\/span><br><span class=\"fs20\" style=\"font-family: arial, helvetica, sans-serif;\">Miro Mehremic<\/span><br><span class=\"fs20\" style=\"font-family: arial, helvetica, sans-serif;\">Neustr. 6<\/span><br><span class=\"fs20\" style=\"font-family: arial, helvetica, sans-serif;\">46459 Rees<span class=\"fs20\"><\/span><\/span><\/td><\/tr><tr><td class=\"has-text-align-left\" data-align=\"left\"><span class=\"imul\" style=\"font-family: arial, helvetica, sans-serif;\"><b><strong>stv. Fahnentr\u00e4ger <\/strong><\/b><\/span><br><span class=\"fs20\" style=\"font-family: arial, helvetica, sans-serif;\">Stefan Schleuter<\/span><br><span class=\"fs20\" style=\"font-family: arial, helvetica, sans-serif;\">Im Reeser Feld 29<\/span><br><span style=\"font-family: arial, helvetica, sans-serif;\"><span class=\"fs20\">46459 Rees<br><\/span><\/span><\/td><td class=\"has-text-align-left\" data-align=\"left\"><span class=\"imul\" style=\"font-family: arial, helvetica, sans-serif;\"><b><strong>Spie\u00df <\/strong><\/b><\/span><br><span class=\"fs20\" style=\"font-family: arial, helvetica, sans-serif;\">Ingo Volbracht<\/span><br><span class=\"fs20\" style=\"font-family: arial, helvetica, sans-serif;\">Hurler Stra\u00dfe 29<\/span><br><span style=\"font-family: arial, helvetica, sans-serif;\"><span class=\"fs20\">46459 Rees-Millingen<br><\/span><\/span><\/td><\/tr><tr><td class=\"has-text-align-left\" data-align=\"left\"><span class=\"imul\" style=\"font-family: arial, helvetica, sans-serif;\"><b><strong>Beisitzer <\/strong><\/b><\/span><br><span class=\"fs20\" style=\"font-family: arial, helvetica, sans-serif;\">Daniel van de Velden<br>Neue Siedlung 3<br>46459 Rees<\/span><\/td><td class=\"has-text-align-left\" data-align=\"left\"><span class=\"imul\" style=\"font-family: arial, helvetica, sans-serif;\"><b><strong>Beisitzer <\/strong><\/b><\/span><br><span class=\"fs20\" style=\"font-family: arial, helvetica, sans-serif;\">Horst Gamerschlag<\/span><br><span class=\"fs20\" style=\"font-family: arial, helvetica, sans-serif;\">Kopernikusstr. 34<\/span><br><span class=\"fs20\"><span style=\"font-family: arial, helvetica, sans-serif;\">46459 Rees<\/span><\/span><\/td><\/tr><tr><td class=\"has-text-align-left\" data-align=\"left\"><span class=\"imul\" style=\"font-family: arial, helvetica, sans-serif;\"><b><strong>Beisitzer <\/strong><\/b><\/span><br><span class=\"fs20\" style=\"font-family: arial, helvetica, sans-serif;\">Carsten Langert<br>Fallstra\u00dfe 22<br>46459 Rees<\/span><\/td><td class=\"has-text-align-left\" data-align=\"left\"><\/td><\/tr><\/tbody><\/table><\/figure>\n\n\n\n<p><\/p>\n","protected":false},"excerpt":{"rendered":"<p>Der aktuelle Vorstand des 2. Zuges setzt sich wie folgt zusammen: Zugf\u00fchrer Hans-J\u00f6rg WynhovenEmpeler Str. 8046459 ReesTel.: (02851) 2883 stv. Zugf\u00fchrerGerd SchleuterHelmut-Liesegang-Str. 1046459 Rees Gesch\u00e4ftsf\u00fchrerMarco KoepAnne-Frank-Str. 146459 ReesE-Mail: 2.zug@bsv-rees-feldmark.de KassiererNils JonkhansWannwicker Str. 646459 Rees stv. KassiererMario WynhovenEmpeler Stra\u00dfe 77b46459 Rees<\/p>\n","protected":false},"author":7,"featured_media":0,"parent":8,"menu_order":4,"comment_status":"closed","ping_status":"closed","template":"page-templates\/contact.php","meta":{"footnotes":"","_links_to":"","_links_to_target":""},"class_list":["post-16","page","type-page","status-publish","hentry"],"_links":{"self":[{"href":"https:\/\/bsv-rees-feldmark.de\/index.php?rest_route=\/wp\/v2\/pages\/16","targetHints":{"allow":["GET"]}}],"collection":[{"href":"https:\/\/bsv-rees-feldmark.de\/index.php?rest_route=\/wp\/v2\/pages"}],"about":[{"href":"https:\/\/bsv-rees-feldmark.de\/index.php?rest_route=\/wp\/v2\/types\/page"}],"author":[{"embeddable":true,"href":"https:\/\/bsv-rees-feldmark.de\/index.php?rest_route=\/wp\/v2\/users\/7"}],"replies":[{"embeddable":true,"href":"https:\/\/bsv-rees-feldmark.de\/index.php?rest_route=%2Fwp%2Fv2%2Fcomments&post=16"}],"version-history":[{"count":35,"href":"https:\/\/bsv-rees-feldmark.de\/index.php?rest_route=\/wp\/v2\/pages\/16\/revisions"}],"predecessor-version":[{"id":3115,"href":"https:\/\/bsv-rees-feldmark.de\/index.php?rest_route=\/wp\/v2\/pages\/16\/revisions\/3115"}],"up":[{"embeddable":true,"href":"https:\/\/bsv-rees-feldmark.de\/index.php?rest_route=\/wp\/v2\/pages\/8"}],"wp:attachment":[{"href":"https:\/\/bsv-rees-feldmark.de\/index.php?rest_route=%2Fwp%2Fv2%2Fmedia&parent=16"}],"curies":[{"name":"wp","href":"https:\/\/api.w.org\/{rel}","templated":true}]}}