{"id":12,"date":"2016-06-02T10:11:55","date_gmt":"2016-06-02T10:11:55","guid":{"rendered":"http:\/\/bsv-rees-feldmark.de\/?page_id=12"},"modified":"2025-11-01T13:42:17","modified_gmt":"2025-11-01T12:42:17","slug":"erweiterter-vorstand","status":"publish","type":"page","link":"https:\/\/bsv-rees-feldmark.de\/?page_id=12","title":{"rendered":"Erweiterter Vorstand"},"content":{"rendered":"<p><span style=\"font-family: arial, helvetica, sans-serif;\">Der aktuelle, erweiterte Vorstand des B\u00fcrgersch\u00fctzenverein Rees-Feldmark, Groin und Bergswick e. V.<\/span><\/p>\n<table style=\"width: 100%; border-collapse: collapse;\" border=\"0\">\n<tbody>\n<tr style=\"height: 25px;\">\n<td style=\"width: 56.9118%; height: 25px; text-align: center;\" colspan=\"3\"><span style=\"font-family: arial, helvetica, sans-serif; font-size: 14pt;\"><strong><u>Zugf\u00fchrer \/ Rittmeister<\/u><\/strong><\/span><\/td>\n<\/tr>\n<tr style=\"height: 25px;\">\n<td style=\"width: 18.5407%; height: 25px;\"><span style=\"font-family: arial, helvetica, sans-serif;\"><strong>1. Zug<br \/><\/strong>Pierre-Pascal Hoffmann<strong><br \/><\/strong>Queckvoor 4<strong><br \/><\/strong>46459 Rees<\/span><br \/><span style=\"font-family: arial, helvetica, sans-serif;\">Tel.: (02851) 966251<\/span><\/td>\n<td style=\"width: 17.5948%; height: 25px;\"><span style=\"font-family: arial, helvetica, sans-serif;\"><strong>2. Zug<\/strong><\/span><br \/><span style=\"font-family: arial, helvetica, sans-serif;\">Hans-J\u00f6rg Wynhoven<\/span><br \/><span style=\"font-family: arial, helvetica, sans-serif;\">Empeler Str. 80<\/span><br \/><span style=\"font-family: arial, helvetica, sans-serif;\">46459 Rees<\/span><br \/><span style=\"font-family: arial, helvetica, sans-serif;\">Tel.: (02851) 2883<\/span><\/td>\n<td style=\"width: 20.7763%; height: 25px;\"><span style=\"font-family: arial, helvetica, sans-serif;\"><b><strong>3. Zug<\/strong><br \/><\/b>Sascha Hermsen<br \/>Dammweg 2<br \/>46459 Rees-Esserden<br \/><br \/><\/span><\/td>\n<\/tr>\n<tr style=\"height: 83px;\">\n<td style=\"width: 18.5407%; height: 83px;\"><span style=\"font-family: arial, helvetica, sans-serif;\"><strong>4. Zug<br \/><\/strong>Julian Ernst<br \/>Pfeifendrechslerstr. 6<br \/>46459 Rees<\/span><\/td>\n<td style=\"width: 17.5948%; height: 83px;\"><span style=\"font-family: arial, helvetica, sans-serif;\"><strong>Reiterabteilung<br \/><\/strong>Detlef van Tilburg<br \/>Weidenweg 12<br \/>46459 Rees<\/span><\/td>\n<td style=\"width: 20.7763%; height: 83px;\"><span style=\"font-family: arial, helvetica, sans-serif;\"><b><strong>Jungsch\u00fctzenzug<br \/><\/strong><\/b>Simon Boland<br \/>Gr\u00fcner Weg 25<br \/>46459 Rees<\/span><\/td>\n<\/tr>\n<tr style=\"height: 83px;\">\n<td style=\"width: 18.5407%; height: 83px;\"><span style=\"font-family: arial, helvetica, sans-serif;\"><strong>\u00a0<\/strong><\/span><\/td>\n<td style=\"width: 17.5948%; height: 83px;\"><span style=\"font-family: arial, helvetica, sans-serif;\"><strong>Damenzug<br \/><\/strong>Annkatrin Braem<br \/>Helmut-Liesegang-Str. 4<br \/>46459 Rees<\/span><\/td>\n<td style=\"width: 20.7763%; height: 83px;\"><span style=\"font-family: arial, helvetica, sans-serif;\"><b>\u00a0<\/b><\/span><\/td>\n<\/tr>\n<tr style=\"height: 25px;\">\n<td style=\"width: 56.9118%; height: 25px; text-align: center;\" colspan=\"3\"><span style=\"font-family: arial, helvetica, sans-serif; font-size: 14pt;\"><strong><u>Fahnentr\u00e4ger<\/u><\/strong><\/span><\/td>\n<\/tr>\n<tr style=\"height: 25px;\">\n<td style=\"width: 18.5407%; height: 25px;\"><span style=\"font-family: arial, helvetica, sans-serif;\">Heinz Peters<\/span><br \/><span style=\"font-family: arial, helvetica, sans-serif;\">Wagnerstr. 10<\/span><br \/><span style=\"font-family: arial, helvetica, sans-serif;\">46459 Rees<\/span><br \/><span style=\"font-family: arial, helvetica, sans-serif;\">Tel.: (02851) 986943<\/span><\/td>\n<td style=\"width: 17.5948%; height: 25px;\"><span style=\"font-family: arial, helvetica, sans-serif;\">J\u00fcrgen Jansen<\/span><br \/><span style=\"font-family: arial, helvetica, sans-serif;\">Empeler Str. 51a<\/span><br \/><span style=\"font-family: arial, helvetica, sans-serif;\">46459 Rees<\/span><br \/><span style=\"font-family: arial, helvetica, sans-serif;\">Tel.: (02851) 3076<\/span><\/td>\n<td style=\"width: 20.7763%; height: 25px;\"><span style=\"font-family: arial, helvetica, sans-serif;\">Klaus Ernst<\/span><br \/><span style=\"font-family: arial, helvetica, sans-serif;\">Emmericher Str. 33a<\/span><br \/><span style=\"font-family: arial, helvetica, sans-serif;\">46459 Rees<\/span><br \/><span style=\"font-family: arial, helvetica, sans-serif;\">Tel.: (02851) 9899810<\/span><\/td>\n<\/tr>\n<tr style=\"height: 25px;\">\n<td style=\"width: 56.9118%; height: 25px; text-align: center;\" colspan=\"3\"><span style=\"font-family: arial, helvetica, sans-serif; font-size: 14pt;\"><strong><u>Adjutanten<\/u><\/strong><\/span><\/td>\n<\/tr>\n<tr style=\"height: 25px;\">\n<td style=\"width: 18.5407%; height: 25px;\"><span style=\"font-family: arial, helvetica, sans-serif;\">Dominik Jansen<\/span><br \/><span style=\"font-family: arial, helvetica, sans-serif;\">Schweizer Stra\u00dfe 6<\/span><br \/><span style=\"font-family: arial, helvetica, sans-serif;\">46459 Rees<\/span><\/td>\n<td style=\"width: 17.5948%; height: 25px;\"><span style=\"font-family: arial, helvetica, sans-serif;\">Christian Arendsen<\/span><br \/><span style=\"font-family: arial, helvetica, sans-serif;\">Queckvoor 21<\/span><br \/><span style=\"font-family: arial, helvetica, sans-serif;\">46459 Rees<\/span><\/td>\n<td style=\"width: 20.7763%; height: 25px;\"><span style=\"font-family: arial, helvetica, sans-serif;\">Florian Krug<\/span><br \/><span style=\"font-family: arial, helvetica, sans-serif;\">Piet-Leysing-Stra\u00dfe 7<\/span><br \/><span style=\"font-family: arial, helvetica, sans-serif;\">46459 Rees<\/span><\/td>\n<\/tr>\n<tr style=\"height: 25px;\">\n<td style=\"width: 56.9118%; height: 25px; text-align: center;\" colspan=\"3\"><span style=\"font-family: arial, helvetica, sans-serif; font-size: 14pt;\"><strong><u>Beisitzer<\/u><\/strong><\/span><\/td>\n<\/tr>\n<tr style=\"height: 25px;\">\n<td style=\"width: 18.5407%; height: 25px;\"><span style=\"font-family: arial, helvetica, sans-serif;\">Carsten Langert<\/span><br \/><span style=\"font-family: arial, helvetica, sans-serif;\">Fallstra\u00dfe 22<\/span><br \/><span style=\"font-family: arial, helvetica, sans-serif;\">46459 Rees<\/span><\/td>\n<td style=\"width: 17.5948%; height: 25px;\"><span style=\"font-family: arial, helvetica, sans-serif;\">Mario Wynhoven<\/span><br \/><span style=\"font-family: arial, helvetica, sans-serif;\">Empeler Stra\u00dfe 77b<\/span><br \/><span style=\"font-family: arial, helvetica, sans-serif;\">46459 Rees<\/span><\/td>\n<td style=\"width: 20.7763%; height: 25px;\"><span style=\"font-family: arial, helvetica, sans-serif;\">Gregor Niewerde<\/span><br \/><span style=\"font-family: arial, helvetica, sans-serif;\">Melatenweg 88<\/span><br \/><span style=\"font-family: arial, helvetica, sans-serif;\">46459 Rees<\/span><\/td>\n<\/tr>\n<\/tbody>\n<\/table>\n\n\n<p><\/p>\n","protected":false},"excerpt":{"rendered":"<p>Der aktuelle, erweiterte Vorstand des B\u00fcrgersch\u00fctzenverein Rees-Feldmark, Groin und Bergswick e. V. Zugf\u00fchrer \/ Rittmeister 1. ZugPierre-Pascal HoffmannQueckvoor 446459 ReesTel.: (02851) 966251 2. ZugHans-J\u00f6rg WynhovenEmpeler Str. 8046459 ReesTel.: (02851) 2883 3. ZugSascha HermsenDammweg 246459 Rees-Esserden 4. ZugJulian ErnstPfeifendrechslerstr. 646459 Rees<\/p>\n","protected":false},"author":1,"featured_media":0,"parent":8,"menu_order":2,"comment_status":"closed","ping_status":"closed","template":"","meta":{"footnotes":"","_links_to":"","_links_to_target":""},"class_list":["post-12","page","type-page","status-publish","hentry"],"_links":{"self":[{"href":"https:\/\/bsv-rees-feldmark.de\/index.php?rest_route=\/wp\/v2\/pages\/12","targetHints":{"allow":["GET"]}}],"collection":[{"href":"https:\/\/bsv-rees-feldmark.de\/index.php?rest_route=\/wp\/v2\/pages"}],"about":[{"href":"https:\/\/bsv-rees-feldmark.de\/index.php?rest_route=\/wp\/v2\/types\/page"}],"author":[{"embeddable":true,"href":"https:\/\/bsv-rees-feldmark.de\/index.php?rest_route=\/wp\/v2\/users\/1"}],"replies":[{"embeddable":true,"href":"https:\/\/bsv-rees-feldmark.de\/index.php?rest_route=%2Fwp%2Fv2%2Fcomments&post=12"}],"version-history":[{"count":50,"href":"https:\/\/bsv-rees-feldmark.de\/index.php?rest_route=\/wp\/v2\/pages\/12\/revisions"}],"predecessor-version":[{"id":2979,"href":"https:\/\/bsv-rees-feldmark.de\/index.php?rest_route=\/wp\/v2\/pages\/12\/revisions\/2979"}],"up":[{"embeddable":true,"href":"https:\/\/bsv-rees-feldmark.de\/index.php?rest_route=\/wp\/v2\/pages\/8"}],"wp:attachment":[{"href":"https:\/\/bsv-rees-feldmark.de\/index.php?rest_route=%2Fwp%2Fv2%2Fmedia&parent=12"}],"curies":[{"name":"wp","href":"https:\/\/api.w.org\/{rel}","templated":true}]}}